{"id":19169,"date":"2020-11-25T23:26:01","date_gmt":"2020-11-25T20:26:01","guid":{"rendered":"http:\/\/emlaksat.com\/frequently-asked-questions\/"},"modified":"2023-10-08T01:22:17","modified_gmt":"2023-10-07T22:22:17","slug":"frequently-asked-questions","status":"publish","type":"page","link":"https:\/\/emlaksat.com\/en\/frequently-asked-questions\/","title":{"rendered":"Frequently Asked Questions"},"content":{"rendered":"<p>[vc_row equal_height=&#8221;yes&#8221; content_placement=&#8221;middle&#8221; css_animation=&#8221;none&#8221; bg_type=&#8221;bg_color&#8221; bg_color_value=&#8221;#ffffff&#8221;][vc_column][vc_column_text]<\/p>\n<h4 style=\"text-align: center; font-family: 'Futura PT', sans-serif;\">Frequently Asked Questions<\/h4>\n<p>[\/vc_column_text][vc_tta_accordion color=&#8221;violet&#8221; spacing=&#8221;3&#8243; gap=&#8221;20&#8243; c_icon=&#8221;chevron&#8221; active_section=&#8221;1&#8243; no_fill=&#8221;true&#8221;][vc_tta_section title=&#8221;What is Emlaksat.com exactly?&#8221; tab_id=&#8221;1605618430321-c038174b-fde7&#8243;][vc_column_text]<span style=\"font-family: 'Futura PT', sans-serif !important; letter-spacing: 0.1px; line-height: 1.3em !important; text-align: justify !important; font-size: 16px !important; font-weight: 500 !important; color: #333;\">Emlaksat.com (Emlaksat) is the first digital real estate company in Turkey, providing you the most affordable, easiest and full-range house selling services. It offers you the convenience, speed, and efficiency of 7\/24 online services along with the good aspects of traditional real estate agents.<\/span>[\/vc_column_text][\/vc_tta_section][vc_tta_section title=&#8221;Is Emlaksat.com a listing site at the same time?&#8221; tab_id=&#8221;1605618430322-2c0ce8ba-3ca1&#8243;][vc_column_text]<span style=\"font-family: 'Futura PT', sans-serif !important; letter-spacing: 0.1px; line-height: 1.3em !important; text-align: justify !important; font-size: 16px !important; font-weight: 500 !important; color: #333;\">No, Emlaksat.com is not a listing website. We are a proptech company that puts the houses in our own portfolio on sale through prominent listing sites of Turkey such as sahibinden.com, zingat.com, hurriyetemlak.com, and emlakjet.com. We also make the best use of new-generation digital marketing platforms such as Instagram and Facebook to enhance the visibility of houses on sale.<\/span>[\/vc_column_text][\/vc_tta_section][vc_tta_section title=&#8221;Are Emlaksat services available all across Turkey?&#8221; tab_id=&#8221;1605619075406-dcb3a719-6f0e&#8221;][vc_column_text]<span style=\"font-family: 'Futura PT', sans-serif !important; letter-spacing: 0.1px; line-height: 1.3em !important; text-align: justify !important; font-size: 16px !important; font-weight: 500 !important; color: #333;\">For the moment, we only offer our services in Istanbul. However, we are intensively working for extending our service network and we will be providing our services all across Turkey very soon.<\/span>[\/vc_column_text][\/vc_tta_section][vc_tta_section title=&#8221;What is the most distinctive feature of Emlaksat compared to the traditional real estate methods?&#8221; tab_id=&#8221;1605619099626-3c187583-597c&#8221;][vc_column_text]<span style=\"font-family: 'Futura PT', sans-serif !important; letter-spacing: 0.1px; line-height: 1.3em !important; text-align: justify !important; font-size: 16px !important; font-weight: 500 !important; color: #333;\">Emlaksat offers a fully comprehensive, 100% transparent, and innovative house sales service. We increased the visibility of your house on digital platforms with tailored advertising and marketing strategies. We expedite the house-selling process using technology. We carefully manage every step of the sale of your house, thanks to the expertise of our experienced team. In cases where needed, we also provide professional support in tax regulations and legal matters.<\/span>[\/vc_column_text][\/vc_tta_section][vc_tta_section title=&#8221;Do you also provide services for the sale of commercial real estate properties (office buildings, plazas, shops, etc.) ?&#8221; tab_id=&#8221;1676897915981-0db2c0cc-6102&#8243;][vc_column_text]<span style=\"font-family: 'Futura PT', sans-serif !important; letter-spacing: 0.1px; line-height: 1.3em !important; text-align: justify !important; font-size: 16px !important; font-weight: 500 !important; color: #333;\">Yes. We offer a comprehensive, 100% transparent, and innovative sales service for special properties such as commercial real estate<\/span>[\/vc_column_text][\/vc_tta_section][vc_tta_section title=&#8221;Does Emlaksat ensure the best value for my house?&#8221; tab_id=&#8221;1605619103082-d9fa13d6-37f3&#8243;][vc_column_text]<span style=\"font-family: 'Futura PT', sans-serif !important; letter-spacing: 0.1px; line-height: 1.3em !important; text-align: justify !important; font-size: 16px !important; font-weight: 500 !important; color: #333;\">Even though traditional real estates in the market would assert such a claim to you orally, nobody can actually guarantee this. Emlaksat; with its expert appraisal, digital marketing tools and technological solutions uses every means to make sure that you get the best and right value for your house. It also makes sure that you sell your house in the fastest way possible.<\/span>[\/vc_column_text][\/vc_tta_section][vc_tta_section title=&#8221;Even when I decide to sell my house via Emlaksat, do I still get to make all decisions as the seller?&#8221; tab_id=&#8221;1605619105030-0389f7a4-86aa&#8221;][vc_column_text]<span style=\"font-family: 'Futura PT', sans-serif !important; letter-spacing: 0.1px; line-height: 1.3em !important; text-align: justify !important; font-size: 16px !important; font-weight: 500 !important; color: #333;\">Yes. During the selling process, Emlaksat aims to make things easier for your decision making process by creating several solution alternatives to your problems. It gives you the most up-to-date and accurate recommendations by using the analytical data in hand. Of course, the last word is still yours to say.<\/span>[\/vc_column_text][\/vc_tta_section][vc_tta_section title=&#8221;Is my privacy of personal information protected while selling my house with Emlaksat?&#8221; tab_id=&#8221;1605619106881-75f8fa92-8004&#8243;][vc_column_text]<span style=\"font-family: 'Futura PT', sans-serif !important; letter-spacing: 0.1px; line-height: 1.3em !important; text-align: justify !important; font-size: 16px !important; font-weight: 500 !important; color: #333;\">Yes, we keep your personal information private and protected at all time. Without your permission, we do not share any of your information with a potential buyer, market research company, or a third-party company of any kind.<\/span>[\/vc_column_text][\/vc_tta_section][vc_tta_section title=&#8221;What are the benefits of Emlaksat for home buyers?&#8221; tab_id=&#8221;1605619107692-96dcd8e8-8386&#8243;][vc_column_text]<span style=\"font-family: 'Futura PT', sans-serif !important; letter-spacing: 0.1px; line-height: 1.3em !important; text-align: justify !important; font-size: 16px !important; font-weight: 500 !important; color: #333;\">When choosing the portfolios to be sold, Emlaksat makes detailed analysis according to the criteria that are very important on the buyer side, such as the current title status of the house, suitability for credit, and regional dynamics. Afterward, we determine the real market value of the house with our professional valuation methods. Thus, potential buyers come to Emlaksat, knowing that the house they will buy through Emlaksat will be a flawless, easily resold and correctly priced property.<\/p>\n<p><\/span>[\/vc_column_text][\/vc_tta_section][vc_tta_section title=&#8221;Does Emlaksat also provide a remote viewing services for buyers?&#8221; tab_id=&#8221;1605619108532-84cda8ea-2834&#8243;][vc_column_text]<span style=\"font-family: 'Futura PT', sans-serif !important; letter-spacing: 0.1px; line-height: 1.3em !important; text-align: justify !important; font-size: 16px !important; font-weight: 500 !important; color: #333;\">Yes. With its 3D Tour feature, Emlaksat offers buyers an opportunity to remotely take a tour inside any house they like to see, at any time. By means of professional shootings and quality content, buyers can see each detail of the house through a digital platform and they can easily skip out on visiting houses that fall outside their interests.<\/p>\n<p><\/span>[\/vc_column_text][\/vc_tta_section][\/vc_tta_accordion][\/vc_column][\/vc_row]<\/p>\n","protected":false},"excerpt":{"rendered":"<p>[vc_row equal_height=&#8221;yes&#8221; content_placement=&#8221;middle&#8221; css_animation=&#8221;none&#8221; bg_type=&#8221;bg_color&#8221; bg_color_value=&#8221;#ffffff&#8221;][vc_column][vc_column_text] Frequently Asked Questions [\/vc_column_text][vc_tta_accordion color=&#8221;violet&#8221; spacing=&#8221;3&#8243; gap=&#8221;20&#8243; c_icon=&#8221;chevron&#8221; active_section=&#8221;1&#8243; no_fill=&#8221;true&#8221;][vc_tta_section title=&#8221;What is Emlaksat.com exactly?&#8221; tab_id=&#8221;1605618430321-c038174b-fde7&#8243;][vc_column_text]Emlaksat.com (Emlaksat) is the first digital real estate company in Turkey, providing you the most affordable, easiest and full-range house selling services. It offers you the convenience, speed, and efficiency of 7\/24 online services along with the good aspects of traditional real estate agents.[\/vc_column_text][\/vc_tta_section][vc_tta_section &#8230;<\/p>\n","protected":false},"author":1,"featured_media":0,"parent":0,"menu_order":0,"comment_status":"closed","ping_status":"closed","template":"agency_list.php","meta":{"inline_featured_image":false},"yoast_head":"<!-- This site is optimized with the Yoast SEO plugin v19.5.1 - https:\/\/yoast.com\/wordpress\/plugins\/seo\/ -->\n<title>Frequently Asked Questions - Emlaksat<\/title>\n<meta name=\"description\" content=\"Frequently asked questions are given about Emlaksat&#039;s business model and services in Turkey real estate sector.\" \/>\n<meta name=\"robots\" content=\"index, follow, max-snippet:-1, max-image-preview:large, max-video-preview:-1\" \/>\n<link rel=\"canonical\" href=\"https:\/\/emlaksat.com\/en\/frequently-asked-questions\/\" \/>\n<meta property=\"og:locale\" content=\"en_US\" \/>\n<meta property=\"og:type\" content=\"article\" \/>\n<meta property=\"og:title\" content=\"Frequently Asked Questions - Emlaksat\" \/>\n<meta property=\"og:description\" content=\"Frequently asked questions are given about Emlaksat&#039;s business model and services in Turkey real estate sector.\" \/>\n<meta property=\"og:url\" content=\"https:\/\/emlaksat.com\/en\/frequently-asked-questions\/\" \/>\n<meta property=\"og:site_name\" content=\"Emlaksat\" \/>\n<meta property=\"article:publisher\" content=\"https:\/\/www.facebook.com\/emlaksatcom\" \/>\n<meta property=\"article:modified_time\" content=\"2023-10-07T22:22:17+00:00\" \/>\n<meta property=\"og:image\" content=\"https:\/\/emlaksat.com\/wp-content\/uploads\/2021\/09\/jpeg-ku\u0308c\u0327u\u0308k-boy.jpg\" \/>\n\t<meta property=\"og:image:width\" content=\"709\" \/>\n\t<meta property=\"og:image:height\" content=\"308\" \/>\n\t<meta property=\"og:image:type\" content=\"image\/jpeg\" \/>\n<meta name=\"twitter:card\" content=\"summary_large_image\" \/>\n<meta name=\"twitter:site\" content=\"@emlaksatcom\" \/>\n<meta name=\"twitter:label1\" content=\"Est. reading time\" \/>\n\t<meta name=\"twitter:data1\" content=\"4 minutes\" \/>\n<!-- \/ Yoast SEO plugin. -->","yoast_head_json":{"title":"Frequently Asked Questions - Emlaksat","description":"Frequently asked questions are given about Emlaksat's business model and services in Turkey real estate sector.","robots":{"index":"index","follow":"follow","max-snippet":"max-snippet:-1","max-image-preview":"max-image-preview:large","max-video-preview":"max-video-preview:-1"},"canonical":"https:\/\/emlaksat.com\/en\/frequently-asked-questions\/","og_locale":"en_US","og_type":"article","og_title":"Frequently Asked Questions - Emlaksat","og_description":"Frequently asked questions are given about Emlaksat's business model and services in Turkey real estate sector.","og_url":"https:\/\/emlaksat.com\/en\/frequently-asked-questions\/","og_site_name":"Emlaksat","article_publisher":"https:\/\/www.facebook.com\/emlaksatcom","article_modified_time":"2023-10-07T22:22:17+00:00","og_image":[{"width":709,"height":308,"url":"https:\/\/emlaksat.com\/wp-content\/uploads\/2021\/09\/jpeg-ku\u0308c\u0327u\u0308k-boy.jpg","type":"image\/jpeg"}],"twitter_card":"summary_large_image","twitter_site":"@emlaksatcom","twitter_misc":{"Est. reading time":"4 minutes"},"schema":{"@context":"https:\/\/schema.org","@graph":[{"@type":"WebPage","@id":"https:\/\/emlaksat.com\/en\/frequently-asked-questions\/","url":"https:\/\/emlaksat.com\/en\/frequently-asked-questions\/","name":"Frequently Asked Questions - Emlaksat","isPartOf":{"@id":"https:\/\/emlaksat.com\/en\/#website"},"datePublished":"2020-11-25T20:26:01+00:00","dateModified":"2023-10-07T22:22:17+00:00","description":"Frequently asked questions are given about Emlaksat's business model and services in Turkey real estate sector.","breadcrumb":{"@id":"https:\/\/emlaksat.com\/en\/frequently-asked-questions\/#breadcrumb"},"inLanguage":"en-US","potentialAction":[{"@type":"ReadAction","target":["https:\/\/emlaksat.com\/en\/frequently-asked-questions\/"]}]},{"@type":"BreadcrumbList","@id":"https:\/\/emlaksat.com\/en\/frequently-asked-questions\/#breadcrumb","itemListElement":[{"@type":"ListItem","position":1,"name":"Home","item":"https:\/\/emlaksat.com\/en\/"},{"@type":"ListItem","position":2,"name":"Frequently Asked Questions"}]},{"@type":"WebSite","@id":"https:\/\/emlaksat.com\/en\/#website","url":"https:\/\/emlaksat.com\/en\/","name":"Emlaksat","description":"Evinizi Satman\u0131n H\u0131zl\u0131, Ekonomik ve G\u00fcvenilir Yolu","publisher":{"@id":"https:\/\/emlaksat.com\/en\/#organization"},"potentialAction":[{"@type":"SearchAction","target":{"@type":"EntryPoint","urlTemplate":"https:\/\/emlaksat.com\/en\/?s={search_term_string}"},"query-input":"required name=search_term_string"}],"inLanguage":"en-US"},{"@type":"Organization","@id":"https:\/\/emlaksat.com\/en\/#organization","name":"Emlaksat","url":"https:\/\/emlaksat.com\/en\/","sameAs":["https:\/\/www.instagram.com\/emlaksatcom","https:\/\/www.linkedin.com\/company\/emlaksatcom","https:\/\/www.facebook.com\/emlaksatcom","https:\/\/twitter.com\/emlaksatcom"],"logo":{"@type":"ImageObject","inLanguage":"en-US","@id":"https:\/\/emlaksat.com\/en\/#\/schema\/logo\/image\/","url":"https:\/\/emlaksat.com\/wp-content\/uploads\/2021\/09\/jpeg-ku\u0308c\u0327u\u0308k-boy.jpg","contentUrl":"https:\/\/emlaksat.com\/wp-content\/uploads\/2021\/09\/jpeg-ku\u0308c\u0327u\u0308k-boy.jpg","width":709,"height":308,"caption":"Emlaksat"},"image":{"@id":"https:\/\/emlaksat.com\/en\/#\/schema\/logo\/image\/"}}]}},"_links":{"self":[{"href":"https:\/\/emlaksat.com\/en\/wp-json\/wp\/v2\/pages\/19169"}],"collection":[{"href":"https:\/\/emlaksat.com\/en\/wp-json\/wp\/v2\/pages"}],"about":[{"href":"https:\/\/emlaksat.com\/en\/wp-json\/wp\/v2\/types\/page"}],"author":[{"embeddable":true,"href":"https:\/\/emlaksat.com\/en\/wp-json\/wp\/v2\/users\/1"}],"replies":[{"embeddable":true,"href":"https:\/\/emlaksat.com\/en\/wp-json\/wp\/v2\/comments?post=19169"}],"version-history":[{"count":25,"href":"https:\/\/emlaksat.com\/en\/wp-json\/wp\/v2\/pages\/19169\/revisions"}],"predecessor-version":[{"id":48776,"href":"https:\/\/emlaksat.com\/en\/wp-json\/wp\/v2\/pages\/19169\/revisions\/48776"}],"wp:attachment":[{"href":"https:\/\/emlaksat.com\/en\/wp-json\/wp\/v2\/media?parent=19169"}],"curies":[{"name":"wp","href":"https:\/\/api.w.org\/{rel}","templated":true}]}}