{"id":19177,"date":"2020-11-25T23:33:59","date_gmt":"2020-11-25T20:33:59","guid":{"rendered":"http:\/\/emlaksat.com\/about-us\/"},"modified":"2021-02-07T18:52:22","modified_gmt":"2021-02-07T15:52:22","slug":"about-us","status":"publish","type":"page","link":"https:\/\/emlaksat.com\/en\/about-us\/","title":{"rendered":"About Us"},"content":{"rendered":"<p>[vc_row equal_height=&#8221;yes&#8221; content_placement=&#8221;middle&#8221; css_animation=&#8221;none&#8221; bg_type=&#8221;bg_color&#8221; bg_color_value=&#8221;#ffffff&#8221;][vc_column][vc_column_text]<\/p>\n<h4 style=\"text-align: center; font-family: 'Futura PT', sans-serif;\">About Us<\/h4>\n<p>[\/vc_column_text][vc_column_text]<\/p>\n<p>Emlaksat.com is the first proptech company to work with a fixed service fee in Turkey. Emlaksat.com moves the house sale process to a digital platform and makes this process easier and much more affordable than any other means of selling your house. In doing so, Emlaksat.com makes use of all sort of technological resources and thus, provides their customers a full-range consultancy in real estate. Briefly, Emlaksat.com is a digital real estate company.<\/p>\n<p>Emlaksat.com offers you the convenience, speed and efficiency of 7\/24 online services along with the good aspects of traditional real estate agents. In this way, it aims to both save time and money for their customers.<\/p>\n<p>With its technological infrastructure and new business model, Emlaksat.com\u2019s value proposition is to enable you to sell your house in a \u201cfast, affordable and reliable\u201d way. Within the new business model of Emlaksat.com, real estate sector transactions will also benefit from the efficiency advantages offered by scale economy, and thus will become technology-supported and more centrally manageable.<\/p>\n<p>[\/vc_column_text][\/vc_column][\/vc_row]<\/p>\n","protected":false},"excerpt":{"rendered":"<p>[vc_row equal_height=&#8221;yes&#8221; content_placement=&#8221;middle&#8221; css_animation=&#8221;none&#8221; bg_type=&#8221;bg_color&#8221; bg_color_value=&#8221;#ffffff&#8221;][vc_column][vc_column_text] About Us [\/vc_column_text][vc_column_text] Emlaksat.com is the first proptech company to work with a fixed service fee in Turkey. Emlaksat.com moves the house sale process to a digital platform and makes this process easier and much more affordable than any other means of selling your house. In doing so, Emlaksat.com makes use of all sort of technological resources and &#8230;<\/p>\n","protected":false},"author":1,"featured_media":0,"parent":0,"menu_order":0,"comment_status":"closed","ping_status":"closed","template":"agency_list.php","meta":{"inline_featured_image":false},"yoast_head":"<!-- This site is optimized with the Yoast SEO plugin v19.5.1 - https:\/\/yoast.com\/wordpress\/plugins\/seo\/ -->\n<title>About Us - Emlaksat<\/title>\n<meta name=\"description\" content=\"Emlaksat.com is the first digital real estate brokerage company in Turkey with a fixed service fee offered for its clients.\" \/>\n<meta name=\"robots\" content=\"index, follow, max-snippet:-1, max-image-preview:large, max-video-preview:-1\" \/>\n<link rel=\"canonical\" href=\"https:\/\/emlaksat.com\/en\/about-us\/\" \/>\n<meta property=\"og:locale\" content=\"en_US\" \/>\n<meta property=\"og:type\" content=\"article\" \/>\n<meta property=\"og:title\" content=\"About Us - Emlaksat\" \/>\n<meta property=\"og:description\" content=\"Emlaksat.com is the first digital real estate brokerage company in Turkey with a fixed service fee offered for its clients.\" \/>\n<meta property=\"og:url\" content=\"https:\/\/emlaksat.com\/en\/about-us\/\" \/>\n<meta property=\"og:site_name\" content=\"Emlaksat\" \/>\n<meta property=\"article:publisher\" content=\"https:\/\/www.facebook.com\/emlaksatcom\" \/>\n<meta property=\"article:modified_time\" content=\"2021-02-07T15:52:22+00:00\" \/>\n<meta property=\"og:image\" content=\"https:\/\/emlaksat.com\/wp-content\/uploads\/2021\/09\/jpeg-ku\u0308c\u0327u\u0308k-boy.jpg\" \/>\n\t<meta property=\"og:image:width\" content=\"709\" \/>\n\t<meta property=\"og:image:height\" content=\"308\" \/>\n\t<meta property=\"og:image:type\" content=\"image\/jpeg\" \/>\n<meta name=\"twitter:card\" content=\"summary_large_image\" \/>\n<meta name=\"twitter:site\" content=\"@emlaksatcom\" \/>\n<meta name=\"twitter:label1\" content=\"Est. reading time\" \/>\n\t<meta name=\"twitter:data1\" content=\"1 minute\" \/>\n<!-- \/ Yoast SEO plugin. -->","yoast_head_json":{"title":"About Us - Emlaksat","description":"Emlaksat.com is the first digital real estate brokerage company in Turkey with a fixed service fee offered for its clients.","robots":{"index":"index","follow":"follow","max-snippet":"max-snippet:-1","max-image-preview":"max-image-preview:large","max-video-preview":"max-video-preview:-1"},"canonical":"https:\/\/emlaksat.com\/en\/about-us\/","og_locale":"en_US","og_type":"article","og_title":"About Us - Emlaksat","og_description":"Emlaksat.com is the first digital real estate brokerage company in Turkey with a fixed service fee offered for its clients.","og_url":"https:\/\/emlaksat.com\/en\/about-us\/","og_site_name":"Emlaksat","article_publisher":"https:\/\/www.facebook.com\/emlaksatcom","article_modified_time":"2021-02-07T15:52:22+00:00","og_image":[{"width":709,"height":308,"url":"https:\/\/emlaksat.com\/wp-content\/uploads\/2021\/09\/jpeg-ku\u0308c\u0327u\u0308k-boy.jpg","type":"image\/jpeg"}],"twitter_card":"summary_large_image","twitter_site":"@emlaksatcom","twitter_misc":{"Est. reading time":"1 minute"},"schema":{"@context":"https:\/\/schema.org","@graph":[{"@type":"WebPage","@id":"https:\/\/emlaksat.com\/en\/about-us\/","url":"https:\/\/emlaksat.com\/en\/about-us\/","name":"About Us - Emlaksat","isPartOf":{"@id":"https:\/\/emlaksat.com\/en\/#website"},"datePublished":"2020-11-25T20:33:59+00:00","dateModified":"2021-02-07T15:52:22+00:00","description":"Emlaksat.com is the first digital real estate brokerage company in Turkey with a fixed service fee offered for its clients.","breadcrumb":{"@id":"https:\/\/emlaksat.com\/en\/about-us\/#breadcrumb"},"inLanguage":"en-US","potentialAction":[{"@type":"ReadAction","target":["https:\/\/emlaksat.com\/en\/about-us\/"]}]},{"@type":"BreadcrumbList","@id":"https:\/\/emlaksat.com\/en\/about-us\/#breadcrumb","itemListElement":[{"@type":"ListItem","position":1,"name":"Home","item":"https:\/\/emlaksat.com\/en\/"},{"@type":"ListItem","position":2,"name":"About Us"}]},{"@type":"WebSite","@id":"https:\/\/emlaksat.com\/en\/#website","url":"https:\/\/emlaksat.com\/en\/","name":"Emlaksat","description":"Evinizi Satman\u0131n H\u0131zl\u0131, Ekonomik ve G\u00fcvenilir Yolu","publisher":{"@id":"https:\/\/emlaksat.com\/en\/#organization"},"potentialAction":[{"@type":"SearchAction","target":{"@type":"EntryPoint","urlTemplate":"https:\/\/emlaksat.com\/en\/?s={search_term_string}"},"query-input":"required name=search_term_string"}],"inLanguage":"en-US"},{"@type":"Organization","@id":"https:\/\/emlaksat.com\/en\/#organization","name":"Emlaksat","url":"https:\/\/emlaksat.com\/en\/","sameAs":["https:\/\/www.instagram.com\/emlaksatcom","https:\/\/www.linkedin.com\/company\/emlaksatcom","https:\/\/www.facebook.com\/emlaksatcom","https:\/\/twitter.com\/emlaksatcom"],"logo":{"@type":"ImageObject","inLanguage":"en-US","@id":"https:\/\/emlaksat.com\/en\/#\/schema\/logo\/image\/","url":"https:\/\/emlaksat.com\/wp-content\/uploads\/2021\/09\/jpeg-ku\u0308c\u0327u\u0308k-boy.jpg","contentUrl":"https:\/\/emlaksat.com\/wp-content\/uploads\/2021\/09\/jpeg-ku\u0308c\u0327u\u0308k-boy.jpg","width":709,"height":308,"caption":"Emlaksat"},"image":{"@id":"https:\/\/emlaksat.com\/en\/#\/schema\/logo\/image\/"}}]}},"_links":{"self":[{"href":"https:\/\/emlaksat.com\/en\/wp-json\/wp\/v2\/pages\/19177"}],"collection":[{"href":"https:\/\/emlaksat.com\/en\/wp-json\/wp\/v2\/pages"}],"about":[{"href":"https:\/\/emlaksat.com\/en\/wp-json\/wp\/v2\/types\/page"}],"author":[{"embeddable":true,"href":"https:\/\/emlaksat.com\/en\/wp-json\/wp\/v2\/users\/1"}],"replies":[{"embeddable":true,"href":"https:\/\/emlaksat.com\/en\/wp-json\/wp\/v2\/comments?post=19177"}],"version-history":[{"count":8,"href":"https:\/\/emlaksat.com\/en\/wp-json\/wp\/v2\/pages\/19177\/revisions"}],"predecessor-version":[{"id":22047,"href":"https:\/\/emlaksat.com\/en\/wp-json\/wp\/v2\/pages\/19177\/revisions\/22047"}],"wp:attachment":[{"href":"https:\/\/emlaksat.com\/en\/wp-json\/wp\/v2\/media?parent=19177"}],"curies":[{"name":"wp","href":"https:\/\/api.w.org\/{rel}","templated":true}]}}