{"id":19202,"date":"2020-11-26T00:02:07","date_gmt":"2020-11-25T21:02:07","guid":{"rendered":"http:\/\/emlaksat.com\/contact-us\/"},"modified":"2022-01-21T18:54:57","modified_gmt":"2022-01-21T15:54:57","slug":"contact-us","status":"publish","type":"page","link":"https:\/\/emlaksat.com\/en\/contact-us\/","title":{"rendered":"Contact Us"},"content":{"rendered":"<p>[vc_row el_class=&#8221;shadow&#8221; css=&#8221;.vc_custom_1634499059954{margin-right: 5px !important;margin-left: 5px !important;}&#8221;][vc_column]<div class=\"spacer\" style=\"height:40px;\"><\/div><div class=\"spacer\" style=\"height:20px;\"><\/div>[vc_column_text css=&#8221;.vc_custom_1634423101190{padding-left: 20px !important;}&#8221;]<\/p>\n<h2><span style=\"font-size: 24pt;\">Emlaksat Gayrimenkul Teknolojileri A.\u015e.<\/span><\/h2>\n<p>[\/vc_column_text][vc_column_text css=&#8221;.vc_custom_1634423109204{padding-left: 20px !important;}&#8221;]<span style=\"font-size: 14pt;\">Esentepe Mahallesi, Bu\u0308yu\u0308kdere Caddesi, Levent 199 Plaza, No:199\/6 \u015ei\u015fli 34394, \u0130stanbul<\/span>[\/vc_column_text][vc_column_text css=&#8221;.vc_custom_1634423115081{padding-left: 20px !important;}&#8221;]<span style=\"font-size: 14pt;\">Anatolian Side Regional Office: \u0130\u00e7erenk\u00f6y Mahallesi, Umut Sokak, Quick Tower, No:10-12, 34752 Ata\u015fehir, \u0130stanbul<\/span>[\/vc_column_text]<div class=\"spacer\" style=\"height:10px;\"><\/div>[vc_column_text css=&#8221;.vc_custom_1634423347785{padding-left: 20px !important;}&#8221;]<\/p>\n<h3><span style=\"font-size: 12pt;\"><span style=\"color: #53138b;\"><strong>Phone<\/strong>: <\/span><a href=\"tel:+908503079363\" target=\"_blank\" rel=\"noopener\">+908503079363<\/a><\/span><br \/>\n<span style=\"font-size: 12pt;\"><span style=\"color: #53138b;\"><strong>E-mail:<\/strong> <\/span><a href=\"mailto:bilgi@emlaksat.com\" target=\"_blank\" rel=\"noopener\">bilgi@emlaksat.com<\/a><\/span><\/h3>\n<p>[\/vc_column_text][\/vc_column][\/vc_row][vc_row css=&#8221;.vc_custom_1634499067812{margin-top: 50px !important;margin-right: 5px !important;margin-left: 5px !important;}&#8221; el_class=&#8221;shadow&#8221;][vc_column css=&#8221;.vc_custom_1634423564536{padding-right: 30px !important;padding-left: 30px !important;}&#8221;]<div class=\"spacer\" style=\"height:40px;\"><\/div><div role=\"form\" class=\"wpcf7\" id=\"wpcf7-f36996-o1\" lang=\"tr-TR\" dir=\"ltr\">\n<div class=\"screen-reader-response\"><p role=\"status\" aria-live=\"polite\" aria-atomic=\"true\"><\/p> <ul><\/ul><\/div>\n<form action=\"\/en\/wp-json\/wp\/v2\/pages\/19202#wpcf7-f36996-o1\" method=\"post\" class=\"wpcf7-form init\" novalidate=\"novalidate\" data-status=\"init\">\n<div style=\"display: none;\">\n<input type=\"hidden\" name=\"_wpcf7\" value=\"36996\" \/>\n<input type=\"hidden\" name=\"_wpcf7_version\" value=\"5.6.1\" \/>\n<input type=\"hidden\" name=\"_wpcf7_locale\" value=\"tr_TR\" \/>\n<input type=\"hidden\" name=\"_wpcf7_unit_tag\" value=\"wpcf7-f36996-o1\" \/>\n<input type=\"hidden\" name=\"_wpcf7_container_post\" value=\"0\" \/>\n<input type=\"hidden\" name=\"_wpcf7_posted_data_hash\" value=\"\" \/>\n<\/div>\n<p><label> Name & Surname<br \/>\n    <\/label><span class=\"wpcf7-form-control-wrap\" data-name=\"your-name\"><input type=\"text\" name=\"your-name\" value=\"\" size=\"40\" class=\"wpcf7-form-control wpcf7-text wpcf7-validates-as-required\" aria-required=\"true\" aria-invalid=\"false\" \/><\/span> <\/p>\n<p><label> Email<br \/>\n     <\/label><span class=\"wpcf7-form-control-wrap\" data-name=\"your-email\"><input type=\"email\" name=\"your-email\" value=\"\" size=\"40\" class=\"wpcf7-form-control wpcf7-text wpcf7-email wpcf7-validates-as-required wpcf7-validates-as-email\" aria-required=\"true\" aria-invalid=\"false\" \/><\/span><\/p>\n<p><label> Subject:<br \/>\n    <\/label><span class=\"wpcf7-form-control-wrap\" data-name=\"menu-609\"><select name=\"menu-609\" class=\"wpcf7-form-control wpcf7-select wpcf7-validates-as-required\" aria-required=\"true\" aria-invalid=\"false\"><option value=\"I want to sell my flat in the project with Emlaksat\">I want to sell my flat in the project with Emlaksat<\/option><option value=\"I want to buy a flat from the project\">I want to buy a flat from the project<\/option><option value=\"Other Subject\">Other Subject<\/option><\/select><\/span><\/p>\n<p><label> Message<br \/>\n    <\/label><span class=\"wpcf7-form-control-wrap\" data-name=\"your-message\"><textarea name=\"your-message\" cols=\"40\" rows=\"10\" class=\"wpcf7-form-control wpcf7-textarea\" aria-invalid=\"false\"><\/textarea><\/span> <\/p>\n<p><input type=\"submit\" value=\"Send\" class=\"wpcf7-form-control has-spinner wpcf7-submit\" \/><\/p>\n<input type='hidden' class='wpcf7-pum' value='{\"closepopup\":false,\"closedelay\":0,\"openpopup\":false,\"openpopup_id\":0}' \/><div class=\"wpcf7-response-output\" aria-hidden=\"true\"><\/div><\/form><\/div>[\/vc_column][\/vc_row]<\/p>\n","protected":false},"excerpt":{"rendered":"<p>[vc_row el_class=&#8221;shadow&#8221; css=&#8221;.vc_custom_1634499059954{margin-right: 5px !important;margin-left: 5px !important;}&#8221;][vc_column][vc_column_text css=&#8221;.vc_custom_1634423101190{padding-left: 20px !important;}&#8221;] Emlaksat Gayrimenkul Teknolojileri A.\u015e. [\/vc_column_text][vc_column_text css=&#8221;.vc_custom_1634423109204{padding-left: 20px !important;}&#8221;]Esentepe Mahallesi, Bu\u0308yu\u0308kdere Caddesi, Levent 199 Plaza, No:199\/6 \u015ei\u015fli 34394, \u0130stanbul[\/vc_column_text][vc_column_text css=&#8221;.vc_custom_1634423115081{padding-left: 20px !important;}&#8221;]Anatolian Side Regional Office: \u0130\u00e7erenk\u00f6y Mahallesi, Umut Sokak, Quick Tower, No:10-12, 34752 Ata\u015fehir, \u0130stanbul[\/vc_column_text][vc_column_text css=&#8221;.vc_custom_1634423347785{padding-left: 20px !important;}&#8221;] Phone: +908503079363 E-mail: bilgi@emlaksat.com [\/vc_column_text][\/vc_column][\/vc_row][vc_row css=&#8221;.vc_custom_1634499067812{margin-top: 50px !important;margin-right: 5px !important;margin-left: 5px !important;}&#8221; el_class=&#8221;shadow&#8221;][vc_column css=&#8221;.vc_custom_1634423564536{padding-right: 30px !important;padding-left: 30px &#8230;<\/p>\n","protected":false},"author":1,"featured_media":0,"parent":0,"menu_order":0,"comment_status":"closed","ping_status":"closed","template":"","meta":{"inline_featured_image":false},"yoast_head":"<!-- This site is optimized with the Yoast SEO plugin v19.5.1 - https:\/\/yoast.com\/wordpress\/plugins\/seo\/ -->\n<title>Contact Us - Emlaksat<\/title>\n<meta name=\"description\" content=\"Contact page of Emlaksat company with the office address and contact phone numbers.\" \/>\n<meta name=\"robots\" content=\"index, follow, max-snippet:-1, max-image-preview:large, max-video-preview:-1\" \/>\n<link rel=\"canonical\" href=\"https:\/\/emlaksat.com\/en\/contact-us\/\" \/>\n<meta property=\"og:locale\" content=\"en_US\" \/>\n<meta property=\"og:type\" content=\"article\" \/>\n<meta property=\"og:title\" content=\"Contact Us - Emlaksat\" \/>\n<meta property=\"og:description\" content=\"Contact page of Emlaksat company with the office address and contact phone numbers.\" \/>\n<meta property=\"og:url\" content=\"https:\/\/emlaksat.com\/en\/contact-us\/\" \/>\n<meta property=\"og:site_name\" content=\"Emlaksat\" \/>\n<meta property=\"article:publisher\" content=\"https:\/\/www.facebook.com\/emlaksatcom\" \/>\n<meta property=\"article:modified_time\" content=\"2022-01-21T15:54:57+00:00\" \/>\n<meta property=\"og:image\" content=\"https:\/\/emlaksat.com\/wp-content\/uploads\/2021\/09\/jpeg-ku\u0308c\u0327u\u0308k-boy.jpg\" \/>\n\t<meta property=\"og:image:width\" content=\"709\" \/>\n\t<meta property=\"og:image:height\" content=\"308\" \/>\n\t<meta property=\"og:image:type\" content=\"image\/jpeg\" \/>\n<meta name=\"twitter:card\" content=\"summary_large_image\" \/>\n<meta name=\"twitter:site\" content=\"@emlaksatcom\" \/>\n<meta name=\"twitter:label1\" content=\"Est. reading time\" \/>\n\t<meta name=\"twitter:data1\" content=\"1 minute\" \/>\n<!-- \/ Yoast SEO plugin. -->","yoast_head_json":{"title":"Contact Us - Emlaksat","description":"Contact page of Emlaksat company with the office address and contact phone numbers.","robots":{"index":"index","follow":"follow","max-snippet":"max-snippet:-1","max-image-preview":"max-image-preview:large","max-video-preview":"max-video-preview:-1"},"canonical":"https:\/\/emlaksat.com\/en\/contact-us\/","og_locale":"en_US","og_type":"article","og_title":"Contact Us - Emlaksat","og_description":"Contact page of Emlaksat company with the office address and contact phone numbers.","og_url":"https:\/\/emlaksat.com\/en\/contact-us\/","og_site_name":"Emlaksat","article_publisher":"https:\/\/www.facebook.com\/emlaksatcom","article_modified_time":"2022-01-21T15:54:57+00:00","og_image":[{"width":709,"height":308,"url":"https:\/\/emlaksat.com\/wp-content\/uploads\/2021\/09\/jpeg-ku\u0308c\u0327u\u0308k-boy.jpg","type":"image\/jpeg"}],"twitter_card":"summary_large_image","twitter_site":"@emlaksatcom","twitter_misc":{"Est. reading time":"1 minute"},"schema":{"@context":"https:\/\/schema.org","@graph":[{"@type":"WebPage","@id":"https:\/\/emlaksat.com\/en\/contact-us\/","url":"https:\/\/emlaksat.com\/en\/contact-us\/","name":"Contact Us - Emlaksat","isPartOf":{"@id":"https:\/\/emlaksat.com\/en\/#website"},"datePublished":"2020-11-25T21:02:07+00:00","dateModified":"2022-01-21T15:54:57+00:00","description":"Contact page of Emlaksat company with the office address and contact phone numbers.","breadcrumb":{"@id":"https:\/\/emlaksat.com\/en\/contact-us\/#breadcrumb"},"inLanguage":"en-US","potentialAction":[{"@type":"ReadAction","target":["https:\/\/emlaksat.com\/en\/contact-us\/"]}]},{"@type":"BreadcrumbList","@id":"https:\/\/emlaksat.com\/en\/contact-us\/#breadcrumb","itemListElement":[{"@type":"ListItem","position":1,"name":"Home","item":"https:\/\/emlaksat.com\/en\/"},{"@type":"ListItem","position":2,"name":"Contact Us"}]},{"@type":"WebSite","@id":"https:\/\/emlaksat.com\/en\/#website","url":"https:\/\/emlaksat.com\/en\/","name":"Emlaksat","description":"Evinizi Satman\u0131n H\u0131zl\u0131, Ekonomik ve G\u00fcvenilir Yolu","publisher":{"@id":"https:\/\/emlaksat.com\/en\/#organization"},"potentialAction":[{"@type":"SearchAction","target":{"@type":"EntryPoint","urlTemplate":"https:\/\/emlaksat.com\/en\/?s={search_term_string}"},"query-input":"required name=search_term_string"}],"inLanguage":"en-US"},{"@type":"Organization","@id":"https:\/\/emlaksat.com\/en\/#organization","name":"Emlaksat","url":"https:\/\/emlaksat.com\/en\/","sameAs":["https:\/\/www.instagram.com\/emlaksatcom","https:\/\/www.linkedin.com\/company\/emlaksatcom","https:\/\/www.facebook.com\/emlaksatcom","https:\/\/twitter.com\/emlaksatcom"],"logo":{"@type":"ImageObject","inLanguage":"en-US","@id":"https:\/\/emlaksat.com\/en\/#\/schema\/logo\/image\/","url":"https:\/\/emlaksat.com\/wp-content\/uploads\/2021\/09\/jpeg-ku\u0308c\u0327u\u0308k-boy.jpg","contentUrl":"https:\/\/emlaksat.com\/wp-content\/uploads\/2021\/09\/jpeg-ku\u0308c\u0327u\u0308k-boy.jpg","width":709,"height":308,"caption":"Emlaksat"},"image":{"@id":"https:\/\/emlaksat.com\/en\/#\/schema\/logo\/image\/"}}]}},"_links":{"self":[{"href":"https:\/\/emlaksat.com\/en\/wp-json\/wp\/v2\/pages\/19202"}],"collection":[{"href":"https:\/\/emlaksat.com\/en\/wp-json\/wp\/v2\/pages"}],"about":[{"href":"https:\/\/emlaksat.com\/en\/wp-json\/wp\/v2\/types\/page"}],"author":[{"embeddable":true,"href":"https:\/\/emlaksat.com\/en\/wp-json\/wp\/v2\/users\/1"}],"replies":[{"embeddable":true,"href":"https:\/\/emlaksat.com\/en\/wp-json\/wp\/v2\/comments?post=19202"}],"version-history":[{"count":24,"href":"https:\/\/emlaksat.com\/en\/wp-json\/wp\/v2\/pages\/19202\/revisions"}],"predecessor-version":[{"id":36999,"href":"https:\/\/emlaksat.com\/en\/wp-json\/wp\/v2\/pages\/19202\/revisions\/36999"}],"wp:attachment":[{"href":"https:\/\/emlaksat.com\/en\/wp-json\/wp\/v2\/media?parent=19202"}],"curies":[{"name":"wp","href":"https:\/\/api.w.org\/{rel}","templated":true}]}}