{"id":19211,"date":"2020-11-26T00:09:41","date_gmt":"2020-11-25T21:09:41","guid":{"rendered":"http:\/\/emlaksat.com\/e-remt-new-grad-trainee-program\/"},"modified":"2021-01-17T22:44:54","modified_gmt":"2021-01-17T19:44:54","slug":"e-remt-new-grad-trainee-program","status":"publish","type":"page","link":"https:\/\/emlaksat.com\/en\/e-remt-new-grad-trainee-program\/","title":{"rendered":"E-REMT New-Grad Trainee Program"},"content":{"rendered":"<p>[vc_row equal_height=&#8221;yes&#8221; content_placement=&#8221;middle&#8221; css_animation=&#8221;none&#8221; bg_type=&#8221;bg_color&#8221; bg_color_value=&#8221;#ffffff&#8221;][vc_column][vc_column_text]<\/p>\n<h4 style=\"text-align: center; font-family: 'Futura PT', sans-serif;\">E-REMT New-Grad Trainee Program<\/h4>\n<p>[\/vc_column_text][vc_column_text]\u201cEmlaksat Real Estate Management Trainee (E-REMT)\u201d New Graduate Trainee Program, is the program we have created in order to contribute to the career development of our new graduates or who will be a graduate within a year, and to advance their careers quickly.<\/p>\n<p>The candidates will be evaluated according to the interests and competencies of the applicant, without making a distinction between the universities and departments.<\/p>\n<p>If you want to start your career and improve yourself in the field of real estate and real estate technologies, you can apply for a job, internship, or part-time work with the title &#8220;REF: E-REMT&#8221;. In your application, you can send your resume to ik@emlaksat.com along with a &#8220;Cover Letter&#8221; that includes your prior profession (eg. software, operations, etc.), goals, and expectations that you would like to contribute to the real estate sector.[\/vc_column_text][\/vc_column][\/vc_row]<\/p>\n","protected":false},"excerpt":{"rendered":"<p>[vc_row equal_height=&#8221;yes&#8221; content_placement=&#8221;middle&#8221; css_animation=&#8221;none&#8221; bg_type=&#8221;bg_color&#8221; bg_color_value=&#8221;#ffffff&#8221;][vc_column][vc_column_text] E-REMT New-Grad Trainee Program [\/vc_column_text][vc_column_text]\u201cEmlaksat Real Estate Management Trainee (E-REMT)\u201d New Graduate Trainee Program, is the program we have created in order to contribute to the career development of our new graduates or who will be a graduate within a year, and to advance their careers quickly. The candidates will be evaluated according to the interests and competencies &#8230;<\/p>\n","protected":false},"author":1,"featured_media":0,"parent":0,"menu_order":0,"comment_status":"closed","ping_status":"closed","template":"agency_list.php","meta":{"inline_featured_image":false},"yoast_head":"<!-- This site is optimized with the Yoast SEO plugin v19.5.1 - https:\/\/yoast.com\/wordpress\/plugins\/seo\/ -->\n<title>E-REMT New-Grad Trainee Program - Emlaksat<\/title>\n<meta name=\"description\" content=\"(E-REMT) is the New Graduate Trainee Program we have created in order to contribute to the career development of our new graduates.\" \/>\n<meta name=\"robots\" content=\"index, follow, max-snippet:-1, max-image-preview:large, max-video-preview:-1\" \/>\n<link rel=\"canonical\" href=\"https:\/\/emlaksat.com\/en\/e-remt-new-grad-trainee-program\/\" \/>\n<meta property=\"og:locale\" content=\"en_US\" \/>\n<meta property=\"og:type\" content=\"article\" \/>\n<meta property=\"og:title\" content=\"E-REMT New-Grad Trainee Program - Emlaksat\" \/>\n<meta property=\"og:description\" content=\"(E-REMT) is the New Graduate Trainee Program we have created in order to contribute to the career development of our new graduates.\" \/>\n<meta property=\"og:url\" content=\"https:\/\/emlaksat.com\/en\/e-remt-new-grad-trainee-program\/\" \/>\n<meta property=\"og:site_name\" content=\"Emlaksat\" \/>\n<meta property=\"article:publisher\" content=\"https:\/\/www.facebook.com\/emlaksatcom\" \/>\n<meta property=\"article:modified_time\" content=\"2021-01-17T19:44:54+00:00\" \/>\n<meta property=\"og:image\" content=\"https:\/\/emlaksat.com\/wp-content\/uploads\/2021\/09\/jpeg-ku\u0308c\u0327u\u0308k-boy.jpg\" \/>\n\t<meta property=\"og:image:width\" content=\"709\" \/>\n\t<meta property=\"og:image:height\" content=\"308\" \/>\n\t<meta property=\"og:image:type\" content=\"image\/jpeg\" \/>\n<meta name=\"twitter:card\" content=\"summary_large_image\" \/>\n<meta name=\"twitter:site\" content=\"@emlaksatcom\" \/>\n<meta name=\"twitter:label1\" content=\"Est. reading time\" \/>\n\t<meta name=\"twitter:data1\" content=\"1 minute\" \/>\n<!-- \/ Yoast SEO plugin. -->","yoast_head_json":{"title":"E-REMT New-Grad Trainee Program - Emlaksat","description":"(E-REMT) is the New Graduate Trainee Program we have created in order to contribute to the career development of our new graduates.","robots":{"index":"index","follow":"follow","max-snippet":"max-snippet:-1","max-image-preview":"max-image-preview:large","max-video-preview":"max-video-preview:-1"},"canonical":"https:\/\/emlaksat.com\/en\/e-remt-new-grad-trainee-program\/","og_locale":"en_US","og_type":"article","og_title":"E-REMT New-Grad Trainee Program - Emlaksat","og_description":"(E-REMT) is the New Graduate Trainee Program we have created in order to contribute to the career development of our new graduates.","og_url":"https:\/\/emlaksat.com\/en\/e-remt-new-grad-trainee-program\/","og_site_name":"Emlaksat","article_publisher":"https:\/\/www.facebook.com\/emlaksatcom","article_modified_time":"2021-01-17T19:44:54+00:00","og_image":[{"width":709,"height":308,"url":"https:\/\/emlaksat.com\/wp-content\/uploads\/2021\/09\/jpeg-ku\u0308c\u0327u\u0308k-boy.jpg","type":"image\/jpeg"}],"twitter_card":"summary_large_image","twitter_site":"@emlaksatcom","twitter_misc":{"Est. reading time":"1 minute"},"schema":{"@context":"https:\/\/schema.org","@graph":[{"@type":"WebPage","@id":"https:\/\/emlaksat.com\/en\/e-remt-new-grad-trainee-program\/","url":"https:\/\/emlaksat.com\/en\/e-remt-new-grad-trainee-program\/","name":"E-REMT New-Grad Trainee Program - Emlaksat","isPartOf":{"@id":"https:\/\/emlaksat.com\/en\/#website"},"datePublished":"2020-11-25T21:09:41+00:00","dateModified":"2021-01-17T19:44:54+00:00","description":"(E-REMT) is the New Graduate Trainee Program we have created in order to contribute to the career development of our new graduates.","breadcrumb":{"@id":"https:\/\/emlaksat.com\/en\/e-remt-new-grad-trainee-program\/#breadcrumb"},"inLanguage":"en-US","potentialAction":[{"@type":"ReadAction","target":["https:\/\/emlaksat.com\/en\/e-remt-new-grad-trainee-program\/"]}]},{"@type":"BreadcrumbList","@id":"https:\/\/emlaksat.com\/en\/e-remt-new-grad-trainee-program\/#breadcrumb","itemListElement":[{"@type":"ListItem","position":1,"name":"Home","item":"https:\/\/emlaksat.com\/en\/"},{"@type":"ListItem","position":2,"name":"E-REMT New-Grad Trainee Program"}]},{"@type":"WebSite","@id":"https:\/\/emlaksat.com\/en\/#website","url":"https:\/\/emlaksat.com\/en\/","name":"Emlaksat","description":"Evinizi Satman\u0131n H\u0131zl\u0131, Ekonomik ve G\u00fcvenilir Yolu","publisher":{"@id":"https:\/\/emlaksat.com\/en\/#organization"},"potentialAction":[{"@type":"SearchAction","target":{"@type":"EntryPoint","urlTemplate":"https:\/\/emlaksat.com\/en\/?s={search_term_string}"},"query-input":"required name=search_term_string"}],"inLanguage":"en-US"},{"@type":"Organization","@id":"https:\/\/emlaksat.com\/en\/#organization","name":"Emlaksat","url":"https:\/\/emlaksat.com\/en\/","sameAs":["https:\/\/www.instagram.com\/emlaksatcom","https:\/\/www.linkedin.com\/company\/emlaksatcom","https:\/\/www.facebook.com\/emlaksatcom","https:\/\/twitter.com\/emlaksatcom"],"logo":{"@type":"ImageObject","inLanguage":"en-US","@id":"https:\/\/emlaksat.com\/en\/#\/schema\/logo\/image\/","url":"https:\/\/emlaksat.com\/wp-content\/uploads\/2021\/09\/jpeg-ku\u0308c\u0327u\u0308k-boy.jpg","contentUrl":"https:\/\/emlaksat.com\/wp-content\/uploads\/2021\/09\/jpeg-ku\u0308c\u0327u\u0308k-boy.jpg","width":709,"height":308,"caption":"Emlaksat"},"image":{"@id":"https:\/\/emlaksat.com\/en\/#\/schema\/logo\/image\/"}}]}},"_links":{"self":[{"href":"https:\/\/emlaksat.com\/en\/wp-json\/wp\/v2\/pages\/19211"}],"collection":[{"href":"https:\/\/emlaksat.com\/en\/wp-json\/wp\/v2\/pages"}],"about":[{"href":"https:\/\/emlaksat.com\/en\/wp-json\/wp\/v2\/types\/page"}],"author":[{"embeddable":true,"href":"https:\/\/emlaksat.com\/en\/wp-json\/wp\/v2\/users\/1"}],"replies":[{"embeddable":true,"href":"https:\/\/emlaksat.com\/en\/wp-json\/wp\/v2\/comments?post=19211"}],"version-history":[{"count":7,"href":"https:\/\/emlaksat.com\/en\/wp-json\/wp\/v2\/pages\/19211\/revisions"}],"predecessor-version":[{"id":20954,"href":"https:\/\/emlaksat.com\/en\/wp-json\/wp\/v2\/pages\/19211\/revisions\/20954"}],"wp:attachment":[{"href":"https:\/\/emlaksat.com\/en\/wp-json\/wp\/v2\/media?parent=19211"}],"curies":[{"name":"wp","href":"https:\/\/api.w.org\/{rel}","templated":true}]}}