{"id":19214,"date":"2020-11-26T00:11:33","date_gmt":"2020-11-25T21:11:33","guid":{"rendered":"http:\/\/emlaksat.com\/emlaksat-regional-specialists\/"},"modified":"2021-01-17T22:45:45","modified_gmt":"2021-01-17T19:45:45","slug":"emlaksat-regional-specialists","status":"publish","type":"page","link":"https:\/\/emlaksat.com\/en\/emlaksat-regional-specialists\/","title":{"rendered":"Emlaksat Regional Specialists"},"content":{"rendered":"<p>[vc_row equal_height=&#8221;yes&#8221; content_placement=&#8221;middle&#8221; css_animation=&#8221;none&#8221; bg_type=&#8221;bg_color&#8221; bg_color_value=&#8221;#ffffff&#8221;][vc_column][vc_column_text]<\/p>\n<h4 style=\"text-align: center; font-family: 'Futura PT', sans-serif;\">Emlaksat Regional Specialists<\/h4>\n<p>[\/vc_column_text][vc_column_text]As <strong>Emlaksat.com <\/strong>we know the importance of specialization in order to be successful in the real estate field. It is very valuable for us to be a regional specialist, especially in residential verticals.<\/p>\n<p>For this reason, we choose our colleagues, whom we will authorize as Emlaksat Regional Specialists, from experts who are very familiar with the housing sales market in a particular region. Indeed, when there are candidates who are ready to be trained in a specific region and are passionate about such a position, we include them in the Emlaksat Regional Assistant Specialist training for a certain period of time, and among them, we authorize those who have successfully completed this process as Assistant Emlaksat Regional Specialists. Our colleagues, who have successfully completed this stage, are entitled to receive the title of \u201cEmlaksat Regional Expert\u201d and can start their professional career in the relevant region.<\/p>\n<p>If you want to join our team as a Real Estate Regional Expert (EBU) \/ Emlaksat Regional Assistant Expert (EBUY) in a specific region, with a &#8220;Cover Letter&#8221; containing your experience, goals, and expectations for the real estate sector with the title &#8220;REF: EBU \/ EBUY&#8221;, you can send your resume to bilgi@emlaksat.com.[\/vc_column_text][\/vc_column][\/vc_row]<\/p>\n","protected":false},"excerpt":{"rendered":"<p>[vc_row equal_height=&#8221;yes&#8221; content_placement=&#8221;middle&#8221; css_animation=&#8221;none&#8221; bg_type=&#8221;bg_color&#8221; bg_color_value=&#8221;#ffffff&#8221;][vc_column][vc_column_text] Emlaksat Regional Specialists [\/vc_column_text][vc_column_text]As Emlaksat.com we know the importance of specialization in order to be successful in the real estate field. It is very valuable for us to be a regional specialist, especially in residential verticals. For this reason, we choose our colleagues, whom we will authorize as Emlaksat Regional Specialists, from experts who are very familiar with &#8230;<\/p>\n","protected":false},"author":1,"featured_media":0,"parent":0,"menu_order":0,"comment_status":"closed","ping_status":"closed","template":"agency_list.php","meta":{"inline_featured_image":false},"yoast_head":"<!-- This site is optimized with the Yoast SEO plugin v19.5.1 - https:\/\/yoast.com\/wordpress\/plugins\/seo\/ -->\n<title>Emlaksat Regional Specialists - Emlaksat<\/title>\n<meta name=\"description\" content=\"Emlaksat Regional Specialists are the experts who are very familiar with the housing sales market in a particular region.\" \/>\n<meta name=\"robots\" content=\"index, follow, max-snippet:-1, max-image-preview:large, max-video-preview:-1\" \/>\n<link rel=\"canonical\" href=\"https:\/\/emlaksat.com\/en\/emlaksat-regional-specialists\/\" \/>\n<meta property=\"og:locale\" content=\"en_US\" \/>\n<meta property=\"og:type\" content=\"article\" \/>\n<meta property=\"og:title\" content=\"Emlaksat Regional Specialists - Emlaksat\" \/>\n<meta property=\"og:description\" content=\"Emlaksat Regional Specialists are the experts who are very familiar with the housing sales market in a particular region.\" \/>\n<meta property=\"og:url\" content=\"https:\/\/emlaksat.com\/en\/emlaksat-regional-specialists\/\" \/>\n<meta property=\"og:site_name\" content=\"Emlaksat\" \/>\n<meta property=\"article:publisher\" content=\"https:\/\/www.facebook.com\/emlaksatcom\" \/>\n<meta property=\"article:modified_time\" content=\"2021-01-17T19:45:45+00:00\" \/>\n<meta property=\"og:image\" content=\"https:\/\/emlaksat.com\/wp-content\/uploads\/2021\/09\/jpeg-ku\u0308c\u0327u\u0308k-boy.jpg\" \/>\n\t<meta property=\"og:image:width\" content=\"709\" \/>\n\t<meta property=\"og:image:height\" content=\"308\" \/>\n\t<meta property=\"og:image:type\" content=\"image\/jpeg\" \/>\n<meta name=\"twitter:card\" content=\"summary_large_image\" \/>\n<meta name=\"twitter:site\" content=\"@emlaksatcom\" \/>\n<meta name=\"twitter:label1\" content=\"Est. reading time\" \/>\n\t<meta name=\"twitter:data1\" content=\"1 minute\" \/>\n<!-- \/ Yoast SEO plugin. -->","yoast_head_json":{"title":"Emlaksat Regional Specialists - Emlaksat","description":"Emlaksat Regional Specialists are the experts who are very familiar with the housing sales market in a particular region.","robots":{"index":"index","follow":"follow","max-snippet":"max-snippet:-1","max-image-preview":"max-image-preview:large","max-video-preview":"max-video-preview:-1"},"canonical":"https:\/\/emlaksat.com\/en\/emlaksat-regional-specialists\/","og_locale":"en_US","og_type":"article","og_title":"Emlaksat Regional Specialists - Emlaksat","og_description":"Emlaksat Regional Specialists are the experts who are very familiar with the housing sales market in a particular region.","og_url":"https:\/\/emlaksat.com\/en\/emlaksat-regional-specialists\/","og_site_name":"Emlaksat","article_publisher":"https:\/\/www.facebook.com\/emlaksatcom","article_modified_time":"2021-01-17T19:45:45+00:00","og_image":[{"width":709,"height":308,"url":"https:\/\/emlaksat.com\/wp-content\/uploads\/2021\/09\/jpeg-ku\u0308c\u0327u\u0308k-boy.jpg","type":"image\/jpeg"}],"twitter_card":"summary_large_image","twitter_site":"@emlaksatcom","twitter_misc":{"Est. reading time":"1 minute"},"schema":{"@context":"https:\/\/schema.org","@graph":[{"@type":"WebPage","@id":"https:\/\/emlaksat.com\/en\/emlaksat-regional-specialists\/","url":"https:\/\/emlaksat.com\/en\/emlaksat-regional-specialists\/","name":"Emlaksat Regional Specialists - Emlaksat","isPartOf":{"@id":"https:\/\/emlaksat.com\/en\/#website"},"datePublished":"2020-11-25T21:11:33+00:00","dateModified":"2021-01-17T19:45:45+00:00","description":"Emlaksat Regional Specialists are the experts who are very familiar with the housing sales market in a particular region.","breadcrumb":{"@id":"https:\/\/emlaksat.com\/en\/emlaksat-regional-specialists\/#breadcrumb"},"inLanguage":"en-US","potentialAction":[{"@type":"ReadAction","target":["https:\/\/emlaksat.com\/en\/emlaksat-regional-specialists\/"]}]},{"@type":"BreadcrumbList","@id":"https:\/\/emlaksat.com\/en\/emlaksat-regional-specialists\/#breadcrumb","itemListElement":[{"@type":"ListItem","position":1,"name":"Home","item":"https:\/\/emlaksat.com\/en\/"},{"@type":"ListItem","position":2,"name":"Emlaksat Regional Specialists"}]},{"@type":"WebSite","@id":"https:\/\/emlaksat.com\/en\/#website","url":"https:\/\/emlaksat.com\/en\/","name":"Emlaksat","description":"Evinizi Satman\u0131n H\u0131zl\u0131, Ekonomik ve G\u00fcvenilir Yolu","publisher":{"@id":"https:\/\/emlaksat.com\/en\/#organization"},"potentialAction":[{"@type":"SearchAction","target":{"@type":"EntryPoint","urlTemplate":"https:\/\/emlaksat.com\/en\/?s={search_term_string}"},"query-input":"required name=search_term_string"}],"inLanguage":"en-US"},{"@type":"Organization","@id":"https:\/\/emlaksat.com\/en\/#organization","name":"Emlaksat","url":"https:\/\/emlaksat.com\/en\/","sameAs":["https:\/\/www.instagram.com\/emlaksatcom","https:\/\/www.linkedin.com\/company\/emlaksatcom","https:\/\/www.facebook.com\/emlaksatcom","https:\/\/twitter.com\/emlaksatcom"],"logo":{"@type":"ImageObject","inLanguage":"en-US","@id":"https:\/\/emlaksat.com\/en\/#\/schema\/logo\/image\/","url":"https:\/\/emlaksat.com\/wp-content\/uploads\/2021\/09\/jpeg-ku\u0308c\u0327u\u0308k-boy.jpg","contentUrl":"https:\/\/emlaksat.com\/wp-content\/uploads\/2021\/09\/jpeg-ku\u0308c\u0327u\u0308k-boy.jpg","width":709,"height":308,"caption":"Emlaksat"},"image":{"@id":"https:\/\/emlaksat.com\/en\/#\/schema\/logo\/image\/"}}]}},"_links":{"self":[{"href":"https:\/\/emlaksat.com\/en\/wp-json\/wp\/v2\/pages\/19214"}],"collection":[{"href":"https:\/\/emlaksat.com\/en\/wp-json\/wp\/v2\/pages"}],"about":[{"href":"https:\/\/emlaksat.com\/en\/wp-json\/wp\/v2\/types\/page"}],"author":[{"embeddable":true,"href":"https:\/\/emlaksat.com\/en\/wp-json\/wp\/v2\/users\/1"}],"replies":[{"embeddable":true,"href":"https:\/\/emlaksat.com\/en\/wp-json\/wp\/v2\/comments?post=19214"}],"version-history":[{"count":6,"href":"https:\/\/emlaksat.com\/en\/wp-json\/wp\/v2\/pages\/19214\/revisions"}],"predecessor-version":[{"id":19355,"href":"https:\/\/emlaksat.com\/en\/wp-json\/wp\/v2\/pages\/19214\/revisions\/19355"}],"wp:attachment":[{"href":"https:\/\/emlaksat.com\/en\/wp-json\/wp\/v2\/media?parent=19214"}],"curies":[{"name":"wp","href":"https:\/\/api.w.org\/{rel}","templated":true}]}}