{"id":19222,"date":"2020-11-26T00:13:23","date_gmt":"2020-11-25T21:13:23","guid":{"rendered":"http:\/\/emlaksat.com\/terms-of-use\/"},"modified":"2021-01-22T21:38:16","modified_gmt":"2021-01-22T18:38:16","slug":"terms-of-use","status":"publish","type":"page","link":"https:\/\/emlaksat.com\/en\/terms-of-use\/","title":{"rendered":"Terms Of Use"},"content":{"rendered":"<p>[vc_row equal_height=&#8221;yes&#8221; content_placement=&#8221;middle&#8221; css_animation=&#8221;none&#8221; bg_type=&#8221;bg_color&#8221; bg_color_value=&#8221;#ffffff&#8221;][vc_column][vc_column_text]<\/p>\n<h4 style=\"text-align: center; font-family: 'Futura PT', sans-serif;\">Terms Of Use<\/h4>\n<p>[\/vc_column_text][vc_column_text]<\/p>\n<div style=\"font-family: 'Futura PT', sans-serif;\">\n<p>Please read these &#8216;terms of use&#8217; carefully before using our site. Web pages on our site and all pages linked to it (\u201cemlaksat.com\u201d)\u00a0 <strong>Emlaksat Gayrimenkul Teknolojileri A.\u015e<\/strong>., located in <strong>Esentepe Mah. Buyukdere Cad.\u00a0 No: 199 Levent 199 -1 Floor \u015ei\u015fli, Istanbul<\/strong> is owned and operated by Emlaksat.com. While you (the \u2018User\u201d) use all the services offered on the site, you are subject to the following conditions, by using and continuing to use the service on the site; You are deemed to have accepted that you have the right, authority, and legal capacity to sign a contract according to the laws you are bound to, that you are over the age of 18, that you have read and understood this contract and that you are bound by the terms written in the contract.<\/p>\n<p>This contract imposes rights and obligations on the contracted site to the parties and the parties declare that they will fulfill the rights and obligations mentioned in full, correct, timely, within the conditions requested in this contract when they accept this contract.<\/p>\n<p style=\"text-align: justify; font-family: 'Futura PT', sans-serif;\"><strong>Obligations<\/strong><\/p>\n<p style=\"text-align: justify; font-family: 'Futura PT', sans-serif;\">1.1. The company always reserves the right to make changes on prices and offered products and services.<\/p>\n<p style=\"text-align: justify; font-family: 'Futura PT', sans-serif;\">1.2. The company accepts and undertakes that the member will benefit from the services subject to the contract, except for technical failures.<\/p>\n<p style=\"text-align: justify; font-family: 'Futura PT', sans-serif;\">1.3. The user agrees in advance that he will not reverse engineer the use of the site or take any other action to find or obtain their source code, otherwise, they will be liable for damages incurred by third parties, and legal and criminal action will be taken.<\/p>\n<p style=\"text-align: justify; font-family: 'Futura PT', sans-serif;\">1.4. The user agrees not to share content that is contrary to general morality and etiquette, illegal, damaging the rights of third parties, misleading, aggressive, obscene, pornographic, damaging personal rights, contrary to copyright, and promoting illegal activities in its activities within the site, in any part of the site or in communications. Otherwise, they are entirely responsible for the damage that may occur, and in this case, the &#8216;Site&#8217; authorities reserve the right to suspend, terminate such accounts, and to initiate legal proceedings. For this reason, it reserves the right to share information requests from judicial authorities regarding the activity or user accounts.<\/p>\n<p><strong>2.Intellectual property rights<\/strong><\/p>\n<p style=\"text-align: justify; font-family: 'Futura PT', sans-serif;\">2.1. All proprietary or unregistered intellectual property rights such as title, business name, trademark, patent, logo, design, information and method on this site belong to the site operator and owner company or the person concerned and are under the protection of national and international law. Visiting this site or using the services on this site does not grant any rights to the intellectual property rights in question.<\/p>\n<p style=\"text-align: justify; font-family: 'Futura PT', sans-serif;\">2.2. The information on the site cannot be reproduced, published, copied, presented and \/ or transferred in any way. The whole or part of the site cannot be used on another internet site without permission.<\/p>\n<p style=\"text-align: justify; font-family: 'Futura PT', sans-serif;\"><strong>3. Personal Information<\/strong><\/p>\n<p style=\"text-align: justify; font-family: 'Futura PT', sans-serif;\">3.1. The company will not disclose the personal information transmitted by the users through the site to third parties. This personal information; It contains all kinds of other information to identify the User such as person&#8217;s name-surname, address, telephone number, mobile phone, e-mail address, and will be briefly referred to as &#8220;Confidential Information&#8221;.<\/p>\n<p style=\"text-align: justify; font-family: 'Futura PT', sans-serif;\">3.2. User can only use promotion, advertisement, campaign, promotion, announcement etc. It accepts and declares that the company that owns the Site consents to share its communication, portfolio status and demographic information with its subsidiaries or affiliated group companies, limited to its use within the scope of marketing activities. This personal information can be used to determine the customer profile within the company, to offer promotions and campaigns suitable for the customer profile and to conduct statistical studies.<\/p>\n<p style=\"text-align: justify; font-family: 'Futura PT', sans-serif;\">3.3. Confidential Information may only be disclosed to the public authorities in cases where such information is requested by the official authorities and when disclosure to the authorities is required in accordance with the provisions of the mandatory legislation in force.<\/p>\n<p style=\"text-align: justify; font-family: 'Futura PT', sans-serif;\"><strong>4. <\/strong><strong>No Guarantee<\/strong><\/p>\n<p style=\"text-align: justify; font-family: 'Futura PT', sans-serif;\">THIS CONTRACT ARTICLE SHALL APPLY TO THE MAXIMUM EXTENT PERMITTED BY THE APPLICABLE LAW. THE SERVICES PROVIDED BY THE COMPANY ARE PROVIDED &#8220;AS IS&#8221; AND &#8220;AS AVAILABLE&#8221; AND ARE ALL IMPLIED WARRANTIES, INCLUDING ANY IMPLIED WARRANTIES AND IMPLIED WARRANTIES OF NON-INFRINGEMENT. THERE ARE NO WARRANTIES OF ANY KIND, STATUTORY OR OTHERWISE.<\/p>\n<p style=\"text-align: justify; font-family: 'Futura PT', sans-serif;\"><strong>5.Registration and Security<\/strong><\/p>\n<p>The user must provide correct, complete and up-to-date registration information. Otherwise, this Agreement will be deemed to have been violated and the account may be closed without informing the User.<\/p>\n<p>The user is responsible for the password and account security on the site and third party sites. Otherwise, the Company cannot be held responsible for data loss and security breaches or damage to hardware and devices.<\/p>\n<p><strong>6<\/strong><strong>. Force Majeure <\/strong><\/p>\n<p>Not under the control of the parties; Natural disasters, fire, explosions, civil wars, wars, riots, popular movements, declaration of mobilization, strikes, lockouts and epidemics, infrastructure and internet failures, power outages (hereinafter referred to as &#8220;Force Majeure&#8221;). If the obligations become unacceptable by the parties, the parties are not responsible for it. During this period, the rights and obligations of the Parties arising from this Agreement are suspended.<\/p>\n<p><strong>7. Agreement Integrity and Applicability<\/strong><\/p>\n<p>If one of the terms of this contract becomes partially or completely invalid, the remainder of the contract remains valid.<\/p>\n<p style=\"text-align: justify; font-family: 'Futura PT', sans-serif;\"><strong>8.<\/strong><strong> Amendments to the Contract<\/strong><\/p>\n<p style=\"text-align: justify; font-family: 'Futura PT', sans-serif;\">The company may change the services offered on the site and the terms of this contract at any time, in whole or in part. The changes will be effective from the date they are published on the site. It is the User&#8217;s responsibility to follow the changes. The user is deemed to have accepted these changes by continuing to benefit from the services provided.<\/p>\n<p style=\"text-align: justify; font-family: 'Futura PT', sans-serif;\"><strong>9.<\/strong><strong> Notification<\/strong><\/p>\n<p style=\"text-align: justify; font-family: 'Futura PT', sans-serif;\">All notifications to be sent to the parties related to this Agreement will be made through the Company&#8217;s known e-mail address and the e-mail address specified in the user&#8217;s membership form. The user accepts that the address he specified while becoming a member is the valid notification address, that he will notify the other party in writing within 5 days if it changes, otherwise the notifications made to this address will be deemed valid.<strong>\u00a0<\/strong><\/p>\n<p style=\"text-align: justify; font-family: 'Futura PT', sans-serif;\"><strong>10.<\/strong><strong> Evidence Agreement<\/strong><\/p>\n<p style=\"text-align: justify; font-family: 'Futura PT', sans-serif;\">In all disputes that may arise between the parties for transactions related to this contract, the parties&#8217; books, records and documents, and computer records and fax records will be accepted as evidence in accordance with the Civil Procedure Law No. 6100, and the user agrees not to object to these records.<\/p>\n<p style=\"text-align: justify; font-family: 'Futura PT', sans-serif;\"><strong style=\"font-family: Georgia, 'Times New Roman', 'Bitstream Charter', Times, serif;\">11. Resolution of Disputes<\/strong><\/p>\n<p>Istanbul (Central) Courthouse Courts and Execution Offices are authorized to resolve any dispute arising from the implementation or interpretation of this Agreement.<\/p>\n<\/div>\n<p>[\/vc_column_text][\/vc_column][\/vc_row]<\/p>\n","protected":false},"excerpt":{"rendered":"<p>[vc_row equal_height=&#8221;yes&#8221; content_placement=&#8221;middle&#8221; css_animation=&#8221;none&#8221; bg_type=&#8221;bg_color&#8221; bg_color_value=&#8221;#ffffff&#8221;][vc_column][vc_column_text] Terms Of Use [\/vc_column_text][vc_column_text] Please read these &#8216;terms of use&#8217; carefully before using our site. Web pages on our site and all pages linked to it (\u201cemlaksat.com\u201d)\u00a0 Emlaksat Gayrimenkul Teknolojileri A.\u015e., located in Esentepe Mah. Buyukdere Cad.\u00a0 No: 199 Levent 199 -1 Floor \u015ei\u015fli, Istanbul is owned and operated by Emlaksat.com. While you (the \u2018User\u201d) use all the &#8230;<\/p>\n","protected":false},"author":1,"featured_media":0,"parent":0,"menu_order":0,"comment_status":"closed","ping_status":"closed","template":"terms_conditions.php","meta":{"inline_featured_image":false},"yoast_head":"<!-- This site is optimized with the Yoast SEO plugin v19.5.1 - https:\/\/yoast.com\/wordpress\/plugins\/seo\/ -->\n<title>Terms Of Use - Emlaksat<\/title>\n<meta name=\"description\" content=\"Please read these \u2018terms of use\u2019 carefully before using our site. Web pages on our site and all pages linked to emlaksat.com.\" \/>\n<meta name=\"robots\" content=\"index, follow, max-snippet:-1, max-image-preview:large, max-video-preview:-1\" \/>\n<link rel=\"canonical\" href=\"https:\/\/emlaksat.com\/en\/terms-of-use\/\" \/>\n<meta property=\"og:locale\" content=\"en_US\" \/>\n<meta property=\"og:type\" content=\"article\" \/>\n<meta property=\"og:title\" content=\"Terms Of Use - Emlaksat\" \/>\n<meta property=\"og:description\" content=\"Please read these \u2018terms of use\u2019 carefully before using our site. Web pages on our site and all pages linked to emlaksat.com.\" \/>\n<meta property=\"og:url\" content=\"https:\/\/emlaksat.com\/en\/terms-of-use\/\" \/>\n<meta property=\"og:site_name\" content=\"Emlaksat\" \/>\n<meta property=\"article:publisher\" content=\"https:\/\/www.facebook.com\/emlaksatcom\" \/>\n<meta property=\"article:modified_time\" content=\"2021-01-22T18:38:16+00:00\" \/>\n<meta property=\"og:image\" content=\"https:\/\/emlaksat.com\/wp-content\/uploads\/2021\/09\/jpeg-ku\u0308c\u0327u\u0308k-boy.jpg\" \/>\n\t<meta property=\"og:image:width\" content=\"709\" \/>\n\t<meta property=\"og:image:height\" content=\"308\" \/>\n\t<meta property=\"og:image:type\" content=\"image\/jpeg\" \/>\n<meta name=\"twitter:card\" content=\"summary_large_image\" \/>\n<meta name=\"twitter:site\" content=\"@emlaksatcom\" \/>\n<meta name=\"twitter:label1\" content=\"Est. reading time\" \/>\n\t<meta name=\"twitter:data1\" content=\"6 minutes\" \/>\n<!-- \/ Yoast SEO plugin. -->","yoast_head_json":{"title":"Terms Of Use - Emlaksat","description":"Please read these \u2018terms of use\u2019 carefully before using our site. Web pages on our site and all pages linked to emlaksat.com.","robots":{"index":"index","follow":"follow","max-snippet":"max-snippet:-1","max-image-preview":"max-image-preview:large","max-video-preview":"max-video-preview:-1"},"canonical":"https:\/\/emlaksat.com\/en\/terms-of-use\/","og_locale":"en_US","og_type":"article","og_title":"Terms Of Use - Emlaksat","og_description":"Please read these \u2018terms of use\u2019 carefully before using our site. Web pages on our site and all pages linked to emlaksat.com.","og_url":"https:\/\/emlaksat.com\/en\/terms-of-use\/","og_site_name":"Emlaksat","article_publisher":"https:\/\/www.facebook.com\/emlaksatcom","article_modified_time":"2021-01-22T18:38:16+00:00","og_image":[{"width":709,"height":308,"url":"https:\/\/emlaksat.com\/wp-content\/uploads\/2021\/09\/jpeg-ku\u0308c\u0327u\u0308k-boy.jpg","type":"image\/jpeg"}],"twitter_card":"summary_large_image","twitter_site":"@emlaksatcom","twitter_misc":{"Est. reading time":"6 minutes"},"schema":{"@context":"https:\/\/schema.org","@graph":[{"@type":"WebPage","@id":"https:\/\/emlaksat.com\/en\/terms-of-use\/","url":"https:\/\/emlaksat.com\/en\/terms-of-use\/","name":"Terms Of Use - Emlaksat","isPartOf":{"@id":"https:\/\/emlaksat.com\/en\/#website"},"datePublished":"2020-11-25T21:13:23+00:00","dateModified":"2021-01-22T18:38:16+00:00","description":"Please read these \u2018terms of use\u2019 carefully before using our site. Web pages on our site and all pages linked to emlaksat.com.","breadcrumb":{"@id":"https:\/\/emlaksat.com\/en\/terms-of-use\/#breadcrumb"},"inLanguage":"en-US","potentialAction":[{"@type":"ReadAction","target":["https:\/\/emlaksat.com\/en\/terms-of-use\/"]}]},{"@type":"BreadcrumbList","@id":"https:\/\/emlaksat.com\/en\/terms-of-use\/#breadcrumb","itemListElement":[{"@type":"ListItem","position":1,"name":"Home","item":"https:\/\/emlaksat.com\/en\/"},{"@type":"ListItem","position":2,"name":"Terms Of Use"}]},{"@type":"WebSite","@id":"https:\/\/emlaksat.com\/en\/#website","url":"https:\/\/emlaksat.com\/en\/","name":"Emlaksat","description":"Evinizi Satman\u0131n H\u0131zl\u0131, Ekonomik ve G\u00fcvenilir Yolu","publisher":{"@id":"https:\/\/emlaksat.com\/en\/#organization"},"potentialAction":[{"@type":"SearchAction","target":{"@type":"EntryPoint","urlTemplate":"https:\/\/emlaksat.com\/en\/?s={search_term_string}"},"query-input":"required name=search_term_string"}],"inLanguage":"en-US"},{"@type":"Organization","@id":"https:\/\/emlaksat.com\/en\/#organization","name":"Emlaksat","url":"https:\/\/emlaksat.com\/en\/","sameAs":["https:\/\/www.instagram.com\/emlaksatcom","https:\/\/www.linkedin.com\/company\/emlaksatcom","https:\/\/www.facebook.com\/emlaksatcom","https:\/\/twitter.com\/emlaksatcom"],"logo":{"@type":"ImageObject","inLanguage":"en-US","@id":"https:\/\/emlaksat.com\/en\/#\/schema\/logo\/image\/","url":"https:\/\/emlaksat.com\/wp-content\/uploads\/2021\/09\/jpeg-ku\u0308c\u0327u\u0308k-boy.jpg","contentUrl":"https:\/\/emlaksat.com\/wp-content\/uploads\/2021\/09\/jpeg-ku\u0308c\u0327u\u0308k-boy.jpg","width":709,"height":308,"caption":"Emlaksat"},"image":{"@id":"https:\/\/emlaksat.com\/en\/#\/schema\/logo\/image\/"}}]}},"_links":{"self":[{"href":"https:\/\/emlaksat.com\/en\/wp-json\/wp\/v2\/pages\/19222"}],"collection":[{"href":"https:\/\/emlaksat.com\/en\/wp-json\/wp\/v2\/pages"}],"about":[{"href":"https:\/\/emlaksat.com\/en\/wp-json\/wp\/v2\/types\/page"}],"author":[{"embeddable":true,"href":"https:\/\/emlaksat.com\/en\/wp-json\/wp\/v2\/users\/1"}],"replies":[{"embeddable":true,"href":"https:\/\/emlaksat.com\/en\/wp-json\/wp\/v2\/comments?post=19222"}],"version-history":[{"count":17,"href":"https:\/\/emlaksat.com\/en\/wp-json\/wp\/v2\/pages\/19222\/revisions"}],"predecessor-version":[{"id":21166,"href":"https:\/\/emlaksat.com\/en\/wp-json\/wp\/v2\/pages\/19222\/revisions\/21166"}],"wp:attachment":[{"href":"https:\/\/emlaksat.com\/en\/wp-json\/wp\/v2\/media?parent=19222"}],"curies":[{"name":"wp","href":"https:\/\/api.w.org\/{rel}","templated":true}]}}