{"id":32933,"date":"2021-08-18T18:39:35","date_gmt":"2021-08-18T15:39:35","guid":{"rendered":"http:\/\/emlaksat.com\/rent-your-house\/"},"modified":"2023-02-27T16:14:03","modified_gmt":"2023-02-27T13:14:03","slug":"rent-your-house","status":"publish","type":"page","link":"https:\/\/emlaksat.com\/en\/rent-your-house\/","title":{"rendered":"Rent Your House"},"content":{"rendered":"<p>[vc_row][vc_column]\n\t\t\t<!-- START Rent new EN REVOLUTION SLIDER 6.5.9 --><p class=\"rs-p-wp-fix\"><\/p>\n\t\t\t<rs-module-wrap id=\"rev_slider_21_1_wrapper\" data-source=\"gallery\" style=\"visibility:hidden;background:transparent;padding:0;margin:0px auto;margin-top:0;margin-bottom:0;\">\n\t\t\t\t<rs-module id=\"rev_slider_21_1\" style=\"\" data-version=\"6.5.9\">\n\t\t\t\t\t<rs-slides>\n\t\t\t\t\t\t<rs-slide style=\"position: absolute;\" data-key=\"rs-20\" data-title=\"Slide\" data-in=\"o:0;\" data-out=\"a:false;\">\n\t\t\t\t\t\t\t<img src=\"\/\/emlaksat.com\/wp-content\/plugins\/revslider\/public\/assets\/assets\/dummy.png\" alt=\"Slide\" title=\"sold_web_slider\" width=\"2560\" height=\"1000\" class=\"rev-slidebg tp-rs-img rs-lazyload\" data-lazyload=\"\/\/emlaksat.com\/wp-content\/plugins\/revslider\/public\/assets\/assets\/transparent.png\" data-bg=\"p:center bottom;c:#ffffff;\" data-no-retina>\n<!--\n\t\t\t\t\t\t\t--><rs-layer\n\t\t\t\t\t\t\t\tid=\"slider-21-slide-20-layer-0\" \n\t\t\t\t\t\t\t\tdata-type=\"text\"\n\t\t\t\t\t\t\t\tdata-rsp_ch=\"on\"\n\t\t\t\t\t\t\t\tdata-xy=\"x:l,l,l,c;xo:17px,39px,50px,-56px;yo:439px,446px,620px,476px;\"\n\t\t\t\t\t\t\t\tdata-text=\"w:normal;s:25,21,15,9;l:25,21,15,9;\"\n\t\t\t\t\t\t\t\tdata-dim=\"w:auto,auto,auto,255px;\"\n\t\t\t\t\t\t\t\tdata-frame_999=\"o:0;st:w;sR:8700;\"\n\t\t\t\t\t\t\t\tstyle=\"z-index:10;font-family:'Roboto';\"\n\t\t\t\t\t\t\t><a href=\"#\" class=\"iletisimformueng btn medium\" style=\"border-radius: 10px;\" data-background=\"#521389\" data-text=\"#ffffff\" data-text-hover=\"#ffffff\">Rent My Home<\/a> \n\t\t\t\t\t\t\t<\/rs-layer><!--\n\n\t\t\t\t\t\t\t--><rs-layer\n\t\t\t\t\t\t\t\tid=\"slider-21-slide-20-layer-1\" \n\t\t\t\t\t\t\t\tdata-type=\"text\"\n\t\t\t\t\t\t\t\tdata-color=\"#521389\"\n\t\t\t\t\t\t\t\tdata-rsp_ch=\"on\"\n\t\t\t\t\t\t\t\tdata-xy=\"x:l,l,l,c;xo:17px,40px,50px,-16px;y:m;yo:-88px,-93px,-131px,-112px;\"\n\t\t\t\t\t\t\t\tdata-text=\"w:normal;s:45,53,53,42;l:55,64,64,48;fw:500;\"\n\t\t\t\t\t\t\t\tdata-dim=\"w:755px,560px,560px,345px;\"\n\t\t\t\t\t\t\t\tdata-frame_1=\"sp:1000;\"\n\t\t\t\t\t\t\t\tdata-frame_999=\"o:0;st:w;sp:500;sR:8000;\"\n\t\t\t\t\t\t\t\tstyle=\"z-index:6;font-family:'Roboto';\"\n\t\t\t\t\t\t\t>A new way to rent your house! \n\t\t\t\t\t\t\t<\/rs-layer><!--\n\n\t\t\t\t\t\t\t--><rs-layer\n\t\t\t\t\t\t\t\tid=\"slider-21-slide-20-layer-2\" \n\t\t\t\t\t\t\t\tdata-type=\"text\"\n\t\t\t\t\t\t\t\tdata-color=\"#000000\"\n\t\t\t\t\t\t\t\tdata-rsp_ch=\"on\"\n\t\t\t\t\t\t\t\tdata-xy=\"x:l,l,l,c;xo:19px,40px,50px,-11px;y:m;yo:22px,50px,35px,14px;\"\n\t\t\t\t\t\t\t\tdata-text=\"w:normal;s:28,18,18,18;l:38,28,28,29;\"\n\t\t\t\t\t\t\t\tdata-dim=\"w:857px,600px,500px,345px;\"\n\t\t\t\t\t\t\t\tdata-frame_1=\"st:200;sp:1000;sR:200;\"\n\t\t\t\t\t\t\t\tdata-frame_999=\"o:0;st:w;sp:500;sR:7800;\"\n\t\t\t\t\t\t\t\tstyle=\"z-index:5;font-family:'Roboto';\"\n\t\t\t\t\t\t\t>We rent out your house as fast as possible with fair price to the right tenant <b>free of charge<\/b>. \n\t\t\t\t\t\t\t<\/rs-layer><!--\n\n\t\t\t\t\t\t\t--><rs-layer\n\t\t\t\t\t\t\t\tid=\"slider-21-slide-20-layer-3\" \n\t\t\t\t\t\t\t\tdata-type=\"image\"\n\t\t\t\t\t\t\t\tdata-rsp_ch=\"on\"\n\t\t\t\t\t\t\t\tdata-xy=\"xo:860px,752px,571px,352px;yo:159px,139px,105px,64px;\"\n\t\t\t\t\t\t\t\tdata-text=\"w:normal;s:20,17,12,7;l:0,21,15,9;\"\n\t\t\t\t\t\t\t\tdata-dim=\"w:294px,257px,195px,120px;h:340px,297px,225px,138px;\"\n\t\t\t\t\t\t\t\tdata-frame_999=\"o:0;st:w;\"\n\t\t\t\t\t\t\t\tstyle=\"z-index:15;\"\n\t\t\t\t\t\t\t><img src=\"\/\/emlaksat.com\/wp-content\/plugins\/revslider\/public\/assets\/assets\/dummy.png\" class=\"tp-rs-img rs-lazyload\" width=\"937\" height=\"1080\" data-lazyload=\"\/wp-content\/uploads\/2023\/10\/1-0ddc2edf-644f-4a47-8ac5-3dcd4abc6367.png\" data-no-retina> \n\t\t\t\t\t\t\t<\/rs-layer><!--\n\n\t\t\t\t\t\t\t--><rs-layer\n\t\t\t\t\t\t\t\tid=\"slider-21-slide-20-layer-6\" \n\t\t\t\t\t\t\t\tdata-type=\"image\"\n\t\t\t\t\t\t\t\tdata-rsp_ch=\"on\"\n\t\t\t\t\t\t\t\tdata-xy=\"xo:1017px,890px,676px,417px;yo:578px,505px,383px,236px;\"\n\t\t\t\t\t\t\t\tdata-text=\"w:normal;s:20,17,12,7;l:0,21,15,9;\"\n\t\t\t\t\t\t\t\tdata-dim=\"w:131px,114px,86px,53px;h:18px,15px,11px,6px;\"\n\t\t\t\t\t\t\t\tdata-frame_999=\"o:0;st:w;\"\n\t\t\t\t\t\t\t\tstyle=\"z-index:11;\"\n\t\t\t\t\t\t\t><img src=\"\/\/emlaksat.com\/wp-content\/plugins\/revslider\/public\/assets\/assets\/dummy.png\" class=\"tp-rs-img rs-lazyload\" width=\"240\" height=\"33\" data-lazyload=\"\/wp-content\/uploads\/2022\/05\/qnbeyond.png\" data-no-retina> \n\t\t\t\t\t\t\t<\/rs-layer><!--\n\n\t\t\t\t\t\t\t--><rs-layer\n\t\t\t\t\t\t\t\tid=\"slider-21-slide-20-layer-7\" \n\t\t\t\t\t\t\t\tdata-type=\"text\"\n\t\t\t\t\t\t\t\tdata-color=\"#000000\"\n\t\t\t\t\t\t\t\tdata-rsp_ch=\"on\"\n\t\t\t\t\t\t\t\tdata-xy=\"xo:560px,490px,372px,229px;yo:548px,479px,363px,223px;\"\n\t\t\t\t\t\t\t\tdata-text=\"w:normal;s:15,13,9,5;l:25,21,15,9;\"\n\t\t\t\t\t\t\t\tdata-frame_999=\"o:0;st:w;\"\n\t\t\t\t\t\t\t\tstyle=\"z-index:12;font-family:'Roboto';\"\n\t\t\t\t\t\t\t>Emlaksat is a real estate company supported by QNBEYOND (QNB Finansbank program). \n\t\t\t\t\t\t\t<\/rs-layer><!--\n-->\t\t\t\t\t\t<\/rs-slide>\n\t\t\t\t\t<\/rs-slides>\n\t\t\t\t<\/rs-module>\n\t\t\t\t<script type=\"text\/javascript\">\n\t\t\t\t\tsetREVStartSize({c: 'rev_slider_21_1',rl:[1240,1024,778,480],el:[620,600,960,720],gw:[1170,1024,778,480],gh:[620,600,960,720],type:'hero',justify:'',layout:'fullwidth',mh:\"0\"});if (window.RS_MODULES!==undefined && window.RS_MODULES.modules!==undefined && window.RS_MODULES.modules[\"revslider211\"]!==undefined) {window.RS_MODULES.modules[\"revslider211\"].once = false;window.revapi21 = undefined;if (window.RS_MODULES.checkMinimal!==undefined) window.RS_MODULES.checkMinimal()}\n\t\t\t\t<\/script>\n\t\t\t<\/rs-module-wrap>\n\t\t\t<!-- END REVOLUTION SLIDER -->\n[\/vc_column][\/vc_row][vc_row content_placement=&#8221;top&#8221; bg_type=&#8221;bg_color&#8221; bg_override=&#8221;full&#8221; bg_color_value=&#8221;#ffffff&#8221;][vc_column width=&#8221;7\/12&#8243; el_class=&#8221;emlaksat-hizmletieri-row&#8221; el_id=&#8221;deneme&#8221;][vc_column_text]<\/p>\n<h2 id=\"emlaksat-hizmetleri\" class=\"emlaksathizmetleridiv\" style=\"font-size: 30px; font-weight: bold; margin: 0px auto 10px;\">Our Exclusive Services<\/h2>\n<p>[\/vc_column_text]<div class=\"spacer\" style=\"height:20px;\"><\/div>[vc_column_text]<\/p>\n<h5 style=\"font-family: 'Roboto', sans-serif; text-align: left;\"><i class=\"fas fa-check\" style=\"color: #521389;\"><\/i> Preparation of your house for renting process in 48 hours<\/h5>\n<h5 style=\"font-family: 'Roboto', sans-serif; text-align: left;\"><i class=\"fas fa-check\" style=\"color: #521389;\"><\/i> Professional photography service<\/h5>\n<h5 style=\"font-family: 'Roboto', sans-serif; text-align: left;\"><i class=\"fas fa-check\" style=\"color: #521389;\"><\/i> Listing your house at websites Sahibinden.com, Hepsiemlak.com, Zingat.com and Emlakjet.com<\/h5>\n<h5 style=\"font-family: 'Roboto', sans-serif; text-align: left;\"><i class=\"fas fa-check\" style=\"color: #521389;\"><\/i>Creating a candidate list consisting of reliable tenant candidates by making the necessary checks<\/h5>\n<h5 style=\"font-family: 'Roboto', sans-serif; text-align: left;\"><i class=\"fas fa-check\" style=\"color: #521389;\"><\/i> Professionally preparing the Renting Contract that will be signed between the tenant and the landlord<\/h5>\n<h5 id=\"howdoeswork\" style=\"font-family: 'Roboto', sans-serif; text-align: left;\"><\/h5>\n<p>[\/vc_column_text][\/vc_column][vc_column width=&#8221;5\/12&#8243;][vc_column_text]<\/p>\n<h2 class=\"emlaksathizmetleridiv\" style=\"font-size: 30px; font-weight: bold; margin: 0px auto 10px; text-align: center;\">Online Stores<\/h2>\n<p>[\/vc_column_text][vc_row_inner][vc_column_inner]<div class=\"spacer\" style=\"height:20px;\"><\/div>[\/vc_column_inner][\/vc_row_inner][vc_row_inner content_placement=&#8221;middle&#8221;][vc_column_inner width=&#8221;1\/2&#8243; offset=&#8221;vc_col-xs-6&#8243;][vc_single_image image=&#8221;39756&#8243; img_size=&#8221;full&#8221; alignment=&#8221;center&#8221; onclick=&#8221;custom_link&#8221; img_link_target=&#8221;_blank&#8221; link=&#8221;https:\/\/emlaksatgayrimenkul.sahibinden.com&#8221;][\/vc_column_inner][vc_column_inner width=&#8221;1\/2&#8243; offset=&#8221;vc_col-xs-6&#8243;][vc_single_image image=&#8221;39832&#8243; img_size=&#8221;full&#8221; alignment=&#8221;center&#8221; onclick=&#8221;custom_link&#8221; img_link_target=&#8221;_blank&#8221; link=&#8221;https:\/\/www.hepsiemlak.com\/emlak-ofisi\/emlaksat-gayrimenkul-teknolojileri-a.s.-123255&#8243;][\/vc_column_inner][\/vc_row_inner][vc_row_inner][vc_column_inner][\/vc_column_inner][\/vc_row_inner][vc_row_inner][vc_column_inner width=&#8221;1\/2&#8243; offset=&#8221;vc_col-xs-6&#8243;][vc_single_image image=&#8221;39834&#8243; img_size=&#8221;full&#8221; alignment=&#8221;center&#8221; onclick=&#8221;custom_link&#8221; img_link_target=&#8221;_blank&#8221; link=&#8221;https:\/\/www.zingat.com\/emlaksat-71012g&#8221;][\/vc_column_inner][vc_column_inner width=&#8221;1\/2&#8243; offset=&#8221;vc_col-xs-6&#8243;][vc_single_image image=&#8221;39830&#8243; img_size=&#8221;full&#8221; alignment=&#8221;center&#8221; onclick=&#8221;custom_link&#8221; img_link_target=&#8221;_blank&#8221; link=&#8221;https:\/\/www.emlakjet.com\/emlak-ofisleri-detay\/-1168960\/&#8221;][\/vc_column_inner][\/vc_row_inner]<div class=\"spacer\" style=\"height:40px;\"><\/div>[vc_row_inner][vc_column_inner]<div class=\"spacer\" style=\"height:20px;\"><\/div>[\/vc_column_inner][\/vc_row_inner][\/vc_column][\/vc_row][vc_row full_width=&#8221;stretch_row&#8221; equal_height=&#8221;yes&#8221; content_placement=&#8221;middle&#8221; css=&#8221;.vc_custom_1629151996931{background-color: #fafafa !important;}&#8221;][vc_column css=&#8221;.vc_custom_1629151904921{background-color: #fafafa !important;}&#8221;][vc_column_text]<\/p>\n<h2 style=\"font-size: 30px; font-weight: bold; margin: 0px auto 10px;\">How Does Emlaksat Work?<\/h2>\n<p>[\/vc_column_text][\/vc_column][\/vc_row][vc_row full_width=&#8221;stretch_row&#8221; content_placement=&#8221;bottom&#8221; css=&#8221;.vc_custom_1629188541801{background-color: #fafafa !important;}&#8221;][vc_column offset=&#8221;vc_hidden-sm vc_hidden-xs&#8221;][vc_single_image image=&#8221;32951&#8243; img_size=&#8221;full&#8221; alignment=&#8221;center&#8221;][\/vc_column][\/vc_row][vc_row full_width=&#8221;stretch_row&#8221; content_placement=&#8221;bottom&#8221; css=&#8221;.vc_custom_1629188541801{background-color: #fafafa !important;}&#8221;][vc_column offset=&#8221;vc_hidden-lg vc_hidden-md&#8221;][vc_single_image image=&#8221;32945&#8243; img_size=&#8221;full&#8221; alignment=&#8221;center&#8221;][\/vc_column][\/vc_row][vc_row full_width=&#8221;stretch_row&#8221; content_placement=&#8221;middle&#8221; css=&#8221;.vc_custom_1629188526776{background-color: #ffffff !important;}&#8221;][vc_column offset=&#8221;vc_hidden-sm vc_hidden-xs&#8221;][vc_single_image image=&#8221;32947&#8243; img_size=&#8221;full&#8221; alignment=&#8221;center&#8221;][\/vc_column][\/vc_row][vc_row full_width=&#8221;stretch_row&#8221; content_placement=&#8221;middle&#8221; css=&#8221;.vc_custom_1629188526776{background-color: #ffffff !important;}&#8221;][vc_column offset=&#8221;vc_hidden-lg vc_hidden-md&#8221;][vc_single_image image=&#8221;32941&#8243; img_size=&#8221;full&#8221; alignment=&#8221;center&#8221;][\/vc_column][\/vc_row][vc_row full_width=&#8221;stretch_row&#8221; css=&#8221;.vc_custom_1629188555382{background-color: #fafafa !important;}&#8221;][vc_column offset=&#8221;vc_hidden-sm vc_hidden-xs&#8221;][vc_single_image image=&#8221;32949&#8243; img_size=&#8221;full&#8221; alignment=&#8221;center&#8221;][\/vc_column][\/vc_row][vc_row full_width=&#8221;stretch_row&#8221; css=&#8221;.vc_custom_1629188555382{background-color: #fafafa !important;}&#8221;][vc_column offset=&#8221;vc_hidden-lg vc_hidden-md&#8221;][vc_single_image image=&#8221;32943&#8243; img_size=&#8221;full&#8221; alignment=&#8221;center&#8221;][\/vc_column][\/vc_row][vc_row full_width=&#8221;stretch_row&#8221; bg_type=&#8221;bg_color&#8221; bg_color_value=&#8221;#f7f4fb&#8221;][vc_column][vc_row_inner css=&#8221;.vc_custom_1653902233854{background-color: #f7f4fb !important;}&#8221;][vc_column_inner width=&#8221;1\/3&#8243;]<div class=\"aio-icon-component  bsf-info-box  anasayfa-alt-icon-sag style_1\"><div id=\"Info-box-wrap-9528\" class=\"aio-icon-box left-icon\" style=\"\"  ><div class=\"aio-icon-left\"><div class=\"ult-just-icon-wrapper   just_icon\"><div class=\"align-icon\" style=\"text-align:center;\">\n<div class=\"aio-icon advanced \"  style=\"color:#521388;background:#ffffff;border-style:solid;border-color:#c290ef;border-width:2px;width:90px;height:90px;line-height:90px;border-radius:25px;font-size:50px;display:inline-block;\">\n\t<i class=\"Defaults-envelope-o\"><\/i>\n<\/div><\/div><\/div><\/div><div class=\"aio-ibd-block\"><div class=\"aio-icon-header\" ><a class=\"aio-icon-box-link\" href=\"mailto:bilgi@emlaksat.com\" title=\"bilgi@emlaksat.com\" ><h3 class=\"aio-icon-title ult-responsive\"  data-ultimate-target='#Info-box-wrap-9528 .aio-icon-title'  data-responsive-json-new='{\"font-size\":\"\",\"line-height\":\"\"}'  style=\"\">bilgi@emlaksat.com<\/h3><\/a><\/div> <!-- header --><div class=\"aio-icon-description ult-responsive\"  data-ultimate-target='#Info-box-wrap-9528 .aio-icon-description'  data-responsive-json-new='{\"font-size\":\"\",\"line-height\":\"\"}'  style=\"\">You can email us.<\/div> <!-- description --><\/div> <!-- aio-ibd-block --><\/div> <!-- aio-icon-box --><\/div> <!-- aio-icon-component -->[\/vc_column_inner][vc_column_inner width=&#8221;1\/3&#8243;]<div class=\"aio-icon-component  bsf-info-box  anasayfa-alt-icon-sag style_1\"><div id=\"Info-box-wrap-7900\" class=\"aio-icon-box left-icon\" style=\"\"  ><div class=\"aio-icon-left\"><div class=\"ult-just-icon-wrapper   just_icon\"><div class=\"align-icon\" style=\"text-align:center;\">\n<div class=\"aio-icon advanced \"  style=\"color:#521388;background:#ffffff;border-style:solid;border-color:#c290ef;border-width:2px;width:90px;height:90px;line-height:90px;border-radius:25px;font-size:50px;display:inline-block;\">\n\t<i class=\"Defaults-phone\"><\/i>\n<\/div><\/div><\/div><\/div><div class=\"aio-ibd-block\"><div class=\"aio-icon-header\" ><a class=\"aio-icon-box-link\" href=\"tel:+90 (850) 3079363\" title=\"+90 (850) 3079363\" ><h3 class=\"aio-icon-title ult-responsive\"  data-ultimate-target='#Info-box-wrap-7900 .aio-icon-title'  data-responsive-json-new='{\"font-size\":\"\",\"line-height\":\"\"}'  style=\"\">08503079363<\/h3><\/a><\/div> <!-- header --><div class=\"aio-icon-description ult-responsive\"  data-ultimate-target='#Info-box-wrap-7900 .aio-icon-description'  data-responsive-json-new='{\"font-size\":\"\",\"line-height\":\"\"}'  style=\"\">You can call us.<\/div> <!-- description --><\/div> <!-- aio-ibd-block --><\/div> <!-- aio-icon-box --><\/div> <!-- aio-icon-component -->[\/vc_column_inner][vc_column_inner width=&#8221;1\/3&#8243;]<div class=\"aio-icon-component  bsf-info-box  anasayfa-alt-icon-sag iletisimformutr style_1\"><div id=\"Info-box-wrap-7224\" class=\"aio-icon-box left-icon\" style=\"\"  ><div class=\"aio-icon-left\"><div class=\"ult-just-icon-wrapper   just_icon\"><div class=\"align-icon\" style=\"text-align:center;\">\n<div class=\"aio-icon advanced \"  style=\"color:#521388;background:#ffffff;border-style:solid;border-color:#c290ef;border-width:2px;width:90px;height:90px;line-height:90px;border-radius:25px;font-size:50px;display:inline-block;\">\n\t<i class=\"Defaults-rotate-left undo\"><\/i>\n<\/div><\/div><\/div><\/div><div class=\"aio-ibd-block\"><div class=\"aio-icon-header\" ><h3 class=\"aio-icon-title ult-responsive\"  data-ultimate-target='#Info-box-wrap-7224 .aio-icon-title'  data-responsive-json-new='{\"font-size\":\"\",\"line-height\":\"\"}'  style=\"\">Callback Service<\/h3><\/div> <!-- header --><div class=\"aio-icon-description ult-responsive\"  data-ultimate-target='#Info-box-wrap-7224 .aio-icon-description'  data-responsive-json-new='{\"font-size\":\"\",\"line-height\":\"\"}'  style=\"\">Click, we will call you back.<\/div> <!-- description --><\/div> <!-- aio-ibd-block --><\/div> <!-- aio-icon-box --><\/div> <!-- aio-icon-component -->[\/vc_column_inner][\/vc_row_inner]<div id=\"ultimate-heading-433269e8cb37aa3f7\" class=\"uvc-heading ult-adjust-bottom-margin ultimate-heading-433269e8cb37aa3f7 uvc-2013 \" data-hspacer=\"no_spacer\"  data-halign=\"center\" style=\"text-align:center\"><div class=\"uvc-heading-spacer no_spacer\" style=\"top\"><\/div><div class=\"uvc-sub-heading ult-responsive\"  data-ultimate-target='.uvc-heading.ultimate-heading-433269e8cb37aa3f7 .uvc-sub-heading '  data-responsive-json-new='{\"font-size\":\"\",\"line-height\":\"\"}'  style=\"font-weight:bold;color:#5e5d6c;\">You can call us every day from 09:00-21:00. Outside this period, you can leave us a message on Whatsapp or through email.<\/div><\/div>[vc_raw_js]JTNDc2NyaXB0JTNFZG9jdW1lbnQuZ2V0RWxlbWVudHNCeUNsYXNzTmFtZSUyOCUyMnN1Ym1pdF9saXN0aW5nJTIyJTI5JTVCMCU1RC5jbGFzc0xpc3QuYWRkJTI4JTIyaWxldGlzaW1mb3JtdXRyJTIyJTI5JTNDJTJGc2NyaXB0JTNF[\/vc_raw_js][vc_raw_html]JTNDc3R5bGUlM0UucGFnZSUyMC5icmVhZGNydW1iX2NvbnRhaW5lciUyMCU3QiUyMGRpc3BsYXklM0ElMjBub25lJTNCJTdEJTNDJTJGc3R5bGUlM0U=[\/vc_raw_html][\/vc_column][\/vc_row]<\/p>\n","protected":false},"excerpt":{"rendered":"<p>[vc_row][vc_column][\/vc_column][\/vc_row][vc_row content_placement=&#8221;top&#8221; bg_type=&#8221;bg_color&#8221; bg_override=&#8221;full&#8221; bg_color_value=&#8221;#ffffff&#8221;][vc_column width=&#8221;7\/12&#8243; el_class=&#8221;emlaksat-hizmletieri-row&#8221; el_id=&#8221;deneme&#8221;][vc_column_text] Our Exclusive Services [\/vc_column_text][vc_column_text] Preparation of your house for renting process in 48 hours Professional photography service Listing your house at websites Sahibinden.com, Hepsiemlak.com, Zingat.com and Emlakjet.com Creating a candidate list consisting of reliable tenant candidates by making the necessary checks Professionally preparing the Renting Contract that will be signed between the tenant and the landlord &#8230;<\/p>\n","protected":false},"author":36,"featured_media":0,"parent":0,"menu_order":0,"comment_status":"closed","ping_status":"closed","template":"","meta":{"inline_featured_image":false},"yoast_head":"<!-- This site is optimized with the Yoast SEO plugin v19.5.1 - https:\/\/yoast.com\/wordpress\/plugins\/seo\/ -->\n<title>Emlaksat | Renting Service<\/title>\n<meta name=\"description\" content=\"Emlaksat is ready to rent your house in Turkey in the fastest way possible, free of charge, with professional presentation and marketing.\" \/>\n<meta name=\"robots\" content=\"index, follow, max-snippet:-1, max-image-preview:large, max-video-preview:-1\" \/>\n<link rel=\"canonical\" href=\"https:\/\/emlaksat.com\/en\/rent-your-house\/\" \/>\n<meta property=\"og:locale\" content=\"en_US\" \/>\n<meta property=\"og:type\" content=\"article\" \/>\n<meta property=\"og:title\" content=\"Emlaksat | Renting Service\" \/>\n<meta property=\"og:description\" content=\"Emlaksat is ready to rent your house in Turkey in the fastest way possible, free of charge, with professional presentation and marketing.\" \/>\n<meta property=\"og:url\" content=\"https:\/\/emlaksat.com\/en\/rent-your-house\/\" \/>\n<meta property=\"og:site_name\" content=\"Emlaksat\" \/>\n<meta property=\"article:publisher\" content=\"https:\/\/www.facebook.com\/emlaksatcom\" \/>\n<meta property=\"article:modified_time\" content=\"2023-02-27T13:14:03+00:00\" \/>\n<meta property=\"og:image\" content=\"https:\/\/emlaksat.com\/wp-content\/uploads\/2021\/09\/jpeg-ku\u0308c\u0327u\u0308k-boy.jpg\" \/>\n\t<meta property=\"og:image:width\" content=\"709\" \/>\n\t<meta property=\"og:image:height\" content=\"308\" \/>\n\t<meta property=\"og:image:type\" content=\"image\/jpeg\" \/>\n<meta name=\"twitter:card\" content=\"summary_large_image\" \/>\n<meta name=\"twitter:site\" content=\"@emlaksatcom\" \/>\n<meta name=\"twitter:label1\" content=\"Est. reading time\" \/>\n\t<meta name=\"twitter:data1\" content=\"2 minutes\" \/>\n<!-- \/ Yoast SEO plugin. -->","yoast_head_json":{"title":"Emlaksat | Renting Service","description":"Emlaksat is ready to rent your house in Turkey in the fastest way possible, free of charge, with professional presentation and marketing.","robots":{"index":"index","follow":"follow","max-snippet":"max-snippet:-1","max-image-preview":"max-image-preview:large","max-video-preview":"max-video-preview:-1"},"canonical":"https:\/\/emlaksat.com\/en\/rent-your-house\/","og_locale":"en_US","og_type":"article","og_title":"Emlaksat | Renting Service","og_description":"Emlaksat is ready to rent your house in Turkey in the fastest way possible, free of charge, with professional presentation and marketing.","og_url":"https:\/\/emlaksat.com\/en\/rent-your-house\/","og_site_name":"Emlaksat","article_publisher":"https:\/\/www.facebook.com\/emlaksatcom","article_modified_time":"2023-02-27T13:14:03+00:00","og_image":[{"width":709,"height":308,"url":"https:\/\/emlaksat.com\/wp-content\/uploads\/2021\/09\/jpeg-ku\u0308c\u0327u\u0308k-boy.jpg","type":"image\/jpeg"}],"twitter_card":"summary_large_image","twitter_site":"@emlaksatcom","twitter_misc":{"Est. reading time":"2 minutes"},"schema":{"@context":"https:\/\/schema.org","@graph":[{"@type":"WebPage","@id":"https:\/\/emlaksat.com\/en\/rent-your-house\/","url":"https:\/\/emlaksat.com\/en\/rent-your-house\/","name":"Emlaksat | Renting Service","isPartOf":{"@id":"https:\/\/emlaksat.com\/en\/#website"},"datePublished":"2021-08-18T15:39:35+00:00","dateModified":"2023-02-27T13:14:03+00:00","description":"Emlaksat is ready to rent your house in Turkey in the fastest way possible, free of charge, with professional presentation and marketing.","breadcrumb":{"@id":"https:\/\/emlaksat.com\/en\/rent-your-house\/#breadcrumb"},"inLanguage":"en-US","potentialAction":[{"@type":"ReadAction","target":["https:\/\/emlaksat.com\/en\/rent-your-house\/"]}]},{"@type":"BreadcrumbList","@id":"https:\/\/emlaksat.com\/en\/rent-your-house\/#breadcrumb","itemListElement":[{"@type":"ListItem","position":1,"name":"Home","item":"https:\/\/emlaksat.com\/en\/"},{"@type":"ListItem","position":2,"name":"Rent Your House"}]},{"@type":"WebSite","@id":"https:\/\/emlaksat.com\/en\/#website","url":"https:\/\/emlaksat.com\/en\/","name":"Emlaksat","description":"Evinizi Satman\u0131n H\u0131zl\u0131, Ekonomik ve G\u00fcvenilir Yolu","publisher":{"@id":"https:\/\/emlaksat.com\/en\/#organization"},"potentialAction":[{"@type":"SearchAction","target":{"@type":"EntryPoint","urlTemplate":"https:\/\/emlaksat.com\/en\/?s={search_term_string}"},"query-input":"required name=search_term_string"}],"inLanguage":"en-US"},{"@type":"Organization","@id":"https:\/\/emlaksat.com\/en\/#organization","name":"Emlaksat","url":"https:\/\/emlaksat.com\/en\/","sameAs":["https:\/\/www.instagram.com\/emlaksatcom","https:\/\/www.linkedin.com\/company\/emlaksatcom","https:\/\/www.facebook.com\/emlaksatcom","https:\/\/twitter.com\/emlaksatcom"],"logo":{"@type":"ImageObject","inLanguage":"en-US","@id":"https:\/\/emlaksat.com\/en\/#\/schema\/logo\/image\/","url":"https:\/\/emlaksat.com\/wp-content\/uploads\/2021\/09\/jpeg-ku\u0308c\u0327u\u0308k-boy.jpg","contentUrl":"https:\/\/emlaksat.com\/wp-content\/uploads\/2021\/09\/jpeg-ku\u0308c\u0327u\u0308k-boy.jpg","width":709,"height":308,"caption":"Emlaksat"},"image":{"@id":"https:\/\/emlaksat.com\/en\/#\/schema\/logo\/image\/"}}]}},"_links":{"self":[{"href":"https:\/\/emlaksat.com\/en\/wp-json\/wp\/v2\/pages\/32933"}],"collection":[{"href":"https:\/\/emlaksat.com\/en\/wp-json\/wp\/v2\/pages"}],"about":[{"href":"https:\/\/emlaksat.com\/en\/wp-json\/wp\/v2\/types\/page"}],"author":[{"embeddable":true,"href":"https:\/\/emlaksat.com\/en\/wp-json\/wp\/v2\/users\/36"}],"replies":[{"embeddable":true,"href":"https:\/\/emlaksat.com\/en\/wp-json\/wp\/v2\/comments?post=32933"}],"version-history":[{"count":35,"href":"https:\/\/emlaksat.com\/en\/wp-json\/wp\/v2\/pages\/32933\/revisions"}],"predecessor-version":[{"id":46398,"href":"https:\/\/emlaksat.com\/en\/wp-json\/wp\/v2\/pages\/32933\/revisions\/46398"}],"wp:attachment":[{"href":"https:\/\/emlaksat.com\/en\/wp-json\/wp\/v2\/media?parent=32933"}],"curies":[{"name":"wp","href":"https:\/\/api.w.org\/{rel}","templated":true}]}}